{"id":24712,"date":"2023-09-04T21:03:55","date_gmt":"2023-09-04T21:03:55","guid":{"rendered":"https:\/\/agroflex.cz\/product\/okostje-rastlinjaka-titan-lt1\/"},"modified":"2025-09-20T14:34:22","modified_gmt":"2025-09-20T14:34:22","slug":"okostje-rastlinjaka-titan-lt1","status":"publish","type":"product","link":"https:\/\/agroflex.cz\/sl\/izdelek\/okostje-rastlinjaka-titan-lt1\/","title":{"rendered":"Okostje rastlinjaka TITAN LT1"},"content":{"rendered":"<div class=\"wpb-content-wrapper\"><p>[vc_row][vc_column][\/vc_column][\/vc_row][vc_row][vc_column width=&#8221;1\/2&#8243;][vc_separator style=&#8221;shadow&#8221; border_width=&#8221;5&#8243;][vc_column_text text_larger=&#8221;no&#8221;]<\/p>\n<h4 style=\"text-align: center;\"><span style=\"color: #000000;\"><strong>Vrtni rastlinjak Agroflex &#8211; TITAN LT1 (okvir)<br \/>\n<\/strong><\/span><\/h4>\n<p>Lep in prakti\u010den trpe\u017een vrtni obokani rastlinjak iz polikarbonata TITAN LT1. Glavna razlika od ve\u010dine rastlinjakov je krivulja dvojnega loka. Rastlinjak je izdelan iz jekla. Loki in predelne stene so na zunanji in notranji strani jekla pocinkani, na mestu varjenja pa so obdelani z mehanskim cinkanjem (<a href=\"\/?page_id=5731\">protikorozijska za\u0161\u010dita<\/a> \u2013 vsebnost \u010distega cinka je okoli 90%). Loki so odporni na veter, veliko obremenitev rastlinjaka. Konstrukcija z obremenitvijo do 190 kg, dvojni 20\u00d720 valj debeline 1 mm bo trajal dolgo \u010dasa. Razdalja med loki je 1 meter. Vendar pa je za regije, ki nimajo najstro\u017ejih podnebnih razmer, to ve\u010d kot dovolj. Prehodno na obeh straneh.[\/vc_column_text][vc_separator style=&#8221;shadow&#8221; border_width=&#8221;5&#8243;][\/vc_column][vc_column width=&#8221;1\/2&#8243;][vc_separator style=&#8221;shadow&#8221; border_width=&#8221;5&#8243;][vc_text_separator title=&#8221;Alternative&#8221; title_align=&#8221;separator_align_left&#8221; align=&#8221;align_left&#8221;]<div class=\"widget_products \"><div class=\"widget woocommerce widget_products\"><ul class=\"product_list_widget\"><li>\n\t\t<span class=\"widget-product-wrap\">\n\t\t<a href=\"https:\/\/agroflex.cz\/sl\/izdelek\/stabilni-vrtni-rastlinjak-standard\/\" title=\"Stabilni vrtni rastlinjak STANDARD\" class=\"widget-product-img\">\n\t\t\t<img decoding=\"async\" width=\"300\" height=\"300\" src=\"https:\/\/agroflex.cz\/wp-content\/uploads\/2023\/09\/levny-sklenik-z-polykarbonatu-Agroflex-Standard-300x300.jpg\" class=\"attachment-woocommerce_thumbnail size-woocommerce_thumbnail\" alt=\"Rastlinjak polikarbonat 3x6\" srcset=\"https:\/\/agroflex.cz\/wp-content\/uploads\/2023\/09\/levny-sklenik-z-polykarbonatu-Agroflex-Standard-300x300.jpg 300w, https:\/\/agroflex.cz\/wp-content\/uploads\/2023\/09\/levny-sklenik-z-polykarbonatu-Agroflex-Standard-150x150.jpg 150w, https:\/\/agroflex.cz\/wp-content\/uploads\/2023\/09\/levny-sklenik-z-polykarbonatu-Agroflex-Standard-600x600.jpg 600w\" sizes=\"(max-width: 300px) 100vw, 300px\" \/>\t\t<\/a>\n\t\t<span class=\"widget-product-info\">\n\t\t\t<a href=\"https:\/\/agroflex.cz\/sl\/izdelek\/stabilni-vrtni-rastlinjak-standard\/\" title=\"Stabilni vrtni rastlinjak STANDARD\" class=\"wd-entities-title\">\n\t\t\t\tStabilni vrtni rastlinjak STANDARD\t\t\t<\/a>\n\t\t\t\t\t\t\t\t\t\t\t\t\t<span class=\"price\"><span class=\"woocommerce-Price-amount amount\"><bdi>16 941<span class=\"woocommerce-Price-currencySymbol\">&#75;&#269;<\/span><\/bdi><\/span><\/span>\n\t\t<\/span>\n\t<\/span>\n\t<\/li>\n<\/ul><\/div><\/div>[vc_separator style=&#8221;shadow&#8221; border_width=&#8221;5&#8243;][\/vc_column][\/vc_row]<\/p>\n<\/div>","protected":false},"excerpt":{"rendered":"<p><span style=\"font-size: 10pt;\">\u0160irina rastlinjaka 3m, vi\u0161ina 2,1m, dol\u017eina od 4m. Z dvojno konstrukcijo iz jekla debeline 20 x 20 x 1mm. Robustna jeklena konstrukcija. Vremenska odpornost.   <\/span><\/p>\n","protected":false},"featured_media":13383,"comment_status":"open","ping_status":"closed","template":"","meta":[],"product_brand":[419],"product_cat":[484,1117],"product_tag":[],"class_list":{"0":"post-24712","1":"product","2":"type-product","3":"status-publish","4":"has-post-thumbnail","6":"product_brand-agroflex","7":"product_cat-484","8":"product_cat-okostje-rastlinjaka-brez-racunalnika","10":"first","11":"instock","12":"taxable","13":"shipping-taxable","14":"purchasable","15":"product-type-variable"},"_links":{"self":[{"href":"https:\/\/agroflex.cz\/sl\/wp-json\/wp\/v2\/product\/24712","targetHints":{"allow":["GET"]}}],"collection":[{"href":"https:\/\/agroflex.cz\/sl\/wp-json\/wp\/v2\/product"}],"about":[{"href":"https:\/\/agroflex.cz\/sl\/wp-json\/wp\/v2\/types\/product"}],"replies":[{"embeddable":true,"href":"https:\/\/agroflex.cz\/sl\/wp-json\/wp\/v2\/comments?post=24712"}],"wp:featuredmedia":[{"embeddable":true,"href":"https:\/\/agroflex.cz\/sl\/wp-json\/wp\/v2\/media\/13383"}],"wp:attachment":[{"href":"https:\/\/agroflex.cz\/sl\/wp-json\/wp\/v2\/media?parent=24712"}],"wp:term":[{"taxonomy":"product_brand","embeddable":true,"href":"https:\/\/agroflex.cz\/sl\/wp-json\/wp\/v2\/product_brand?post=24712"},{"taxonomy":"product_cat","embeddable":true,"href":"https:\/\/agroflex.cz\/sl\/wp-json\/wp\/v2\/product_cat?post=24712"},{"taxonomy":"product_tag","embeddable":true,"href":"https:\/\/agroflex.cz\/sl\/wp-json\/wp\/v2\/product_tag?post=24712"}],"curies":[{"name":"wp","href":"https:\/\/api.w.org\/{rel}","templated":true}]}}