{"id":24748,"date":"2023-09-04T21:03:55","date_gmt":"2023-09-04T21:03:55","guid":{"rendered":"https:\/\/agroflex.cz\/product\/okostje-rastlinjaka-premium-lux\/"},"modified":"2025-09-20T14:34:29","modified_gmt":"2025-09-20T14:34:29","slug":"okostje-rastlinjaka-premium-lux","status":"publish","type":"product","link":"https:\/\/agroflex.cz\/sl\/izdelek\/okostje-rastlinjaka-premium-lux\/","title":{"rendered":"Okostje rastlinjaka PREMIUM LUX"},"content":{"rendered":"<div class=\"wpb-content-wrapper\"><p>[vc_row][vc_column][\/vc_column][\/vc_row][vc_row][vc_column width=&#8221;1\/2&#8243;][vc_separator style=&#8221;shadow&#8221; border_width=&#8221;5&#8243;][vc_column_text text_larger=&#8221;no&#8221;]<\/p>\n<h4 style=\"text-align: center;\"><span style=\"color: #000000;\"><strong>Vrtni rastlinjak Agroflex &#8211; PREMIUM LUX (okostje)<br \/>\n<\/strong><\/span><\/h4>\n<p>Profesionalni polikarbonatni rastlinjak PREMIUM LUX ima oja\u010dano zasnovo, trpe\u017een rastlinjak vrhunske kakovosti. Glavna razlika od ve\u010dine rastlinjakov je dvojni lo\u010dni \u017earek. Jeklene plo\u0161\u010de so prevle\u010dene s polimerno prevleko \u2013 zelene barve \u2013 AkzoNobel.  <\/p>\n<p>Okvirji rastlinjaka PREMIUM LUX so izdelani iz visoko kakovostnega jeklenega jekla. Kovinska konstrukcija obdelana s polimerno prevleko. Razmik loka 100 cm, z obremenitvijo do 190 kg iz jekla 20\u00d720 debeline 1 mm. Razdalja med loki je 1 meter. Vendar pa je za regije, ki nimajo najstro\u017ejih podnebnih razmer, to ve\u010d kot dovolj. Spredaj in zadaj spredaj imata krilna vrata. Rastlinjak je prehoden.[\/vc_column_text][vc_separator style=&#8221;shadow&#8221; border_width=&#8221;5&#8243;][\/vc_column][vc_column width=&#8221;1\/2&#8243;][vc_separator style=&#8221;shadow&#8221; border_width=&#8221;5&#8243;][vc_text_separator title=&#8221;Alternative&#8221; title_align=&#8221;separator_align_left&#8221; align=&#8221;align_left&#8221;]<div class=\"widget_products \"><div class=\"widget woocommerce widget_products\"><ul class=\"product_list_widget\"><li>\n\t\t<span class=\"widget-product-wrap\">\n\t\t<a href=\"https:\/\/agroflex.cz\/sl\/izdelek\/vrhunski-polikarbonatni-rastlinjak-titan-lux\/\" title=\"Vrhunski polikarbonatni rastlinjak TITAN LUX\" class=\"widget-product-img\">\n\t\t\t<img decoding=\"async\" width=\"300\" height=\"300\" src=\"https:\/\/agroflex.cz\/wp-content\/uploads\/2023\/09\/zahradni-sklenik-300x300.jpg\" class=\"attachment-woocommerce_thumbnail size-woocommerce_thumbnail\" alt=\"polykarbon\u00e1tov\u00fd sklen\u00edk\" \/>\t\t<\/a>\n\t\t<span class=\"widget-product-info\">\n\t\t\t<a href=\"https:\/\/agroflex.cz\/sl\/izdelek\/vrhunski-polikarbonatni-rastlinjak-titan-lux\/\" title=\"Vrhunski polikarbonatni rastlinjak TITAN LUX\" class=\"wd-entities-title\">\n\t\t\t\tVrhunski polikarbonatni rastlinjak TITAN LUX\t\t\t<\/a>\n\t\t\t\t\t\t\t<div class=\"star-rating\" role=\"img\" aria-label=\"Ocenjeno 5.00 od 5\"><span style=\"width:100%\">Ocenjeno <strong class=\"rating\">5.00<\/strong> od 5<\/span><\/div>\t\t\t\t\t\t<span class=\"price\"><span class=\"woocommerce-Price-amount amount\" aria-hidden=\"true\"><bdi>22 363<span class=\"woocommerce-Price-currencySymbol\">&#75;&#269;<\/span><\/bdi><\/span> <span aria-hidden=\"true\">&ndash;<\/span> <span class=\"woocommerce-Price-amount amount\" aria-hidden=\"true\"><bdi>67 086<span class=\"woocommerce-Price-currencySymbol\">&#75;&#269;<\/span><\/bdi><\/span><span class=\"screen-reader-text\">Cenovni razpon: od 22 363&#75;&#269; do 67 086&#75;&#269;<\/span><\/span>\n\t\t<\/span>\n\t<\/span>\n\t<\/li>\n<\/ul><\/div><\/div>[vc_separator style=&#8221;shadow&#8221; border_width=&#8221;5&#8243;][\/vc_column][\/vc_row]<\/p>\n<\/div>","protected":false},"excerpt":{"rendered":"<p><span style=\"font-size: 10pt;\">\u0160irina rastlinjaka 3m, vi\u0161ina 2,1m, dol\u017eina od 4m. Z dvojno konstrukcijo iz jekla debeline 20 x 20 x 1mm. Robustna jeklena konstrukcija s pra\u0161no lakiranim prahom. Vremenska odpornost.   <\/span><\/p>\n","protected":false},"featured_media":13387,"comment_status":"open","ping_status":"closed","template":"","meta":[],"product_brand":[419],"product_cat":[484,1117],"product_tag":[],"class_list":{"0":"post-24748","1":"product","2":"type-product","3":"status-publish","4":"has-post-thumbnail","6":"product_brand-agroflex","7":"product_cat-484","8":"product_cat-okostje-rastlinjaka-brez-racunalnika","10":"first","11":"instock","12":"taxable","13":"shipping-taxable","14":"purchasable","15":"product-type-variable"},"_links":{"self":[{"href":"https:\/\/agroflex.cz\/sl\/wp-json\/wp\/v2\/product\/24748","targetHints":{"allow":["GET"]}}],"collection":[{"href":"https:\/\/agroflex.cz\/sl\/wp-json\/wp\/v2\/product"}],"about":[{"href":"https:\/\/agroflex.cz\/sl\/wp-json\/wp\/v2\/types\/product"}],"replies":[{"embeddable":true,"href":"https:\/\/agroflex.cz\/sl\/wp-json\/wp\/v2\/comments?post=24748"}],"wp:featuredmedia":[{"embeddable":true,"href":"https:\/\/agroflex.cz\/sl\/wp-json\/wp\/v2\/media\/13387"}],"wp:attachment":[{"href":"https:\/\/agroflex.cz\/sl\/wp-json\/wp\/v2\/media?parent=24748"}],"wp:term":[{"taxonomy":"product_brand","embeddable":true,"href":"https:\/\/agroflex.cz\/sl\/wp-json\/wp\/v2\/product_brand?post=24748"},{"taxonomy":"product_cat","embeddable":true,"href":"https:\/\/agroflex.cz\/sl\/wp-json\/wp\/v2\/product_cat?post=24748"},{"taxonomy":"product_tag","embeddable":true,"href":"https:\/\/agroflex.cz\/sl\/wp-json\/wp\/v2\/product_tag?post=24748"}],"curies":[{"name":"wp","href":"https:\/\/api.w.org\/{rel}","templated":true}]}}