{"id":24761,"date":"2023-09-04T21:03:55","date_gmt":"2023-09-04T21:03:55","guid":{"rendered":"https:\/\/agroflex.cz\/product\/vrtni-rastlinjak-premium-lux\/"},"modified":"2025-09-20T14:34:50","modified_gmt":"2025-09-20T14:34:50","slug":"vrtni-rastlinjak-premium-lux","status":"publish","type":"product","link":"https:\/\/agroflex.cz\/sl\/izdelek\/vrtni-rastlinjak-premium-lux\/","title":{"rendered":"Vrtni rastlinjak PREMIUM LUX"},"content":{"rendered":"<div class=\"wpb-content-wrapper\"><p>[vc_row][vc_column][vc_separator style=&#8221;shadow&#8221; border_width=&#8221;5&#8243;][vc_column_text text_larger=&#8221;no&#8221;]<\/p>\n<h2 style=\"text-align: center;\"><strong>Vrtni rastlinjak PREMIUM LUX<\/strong><\/h2>\n<p>Lep dizajn rastlinjaka iz polikarbonata vrhunske kakovosti. Glavna razlika od ve\u010dine rastlinjakov je dvojni lo\u010dni \u017earek. Kristali so prevle\u010deni s polimerno prevleko &#8211; zelena barva &#8211; AkzoNobel.  <\/p>\n<p>Okvirji rastlinjaka so izdelani iz visoko kakovostnega jeklenega jekla. Kovinska konstrukcija obdelana s polimerno prevleko. Razmik loka 100 cm, z obremenitvijo do 190 kg iz jekla 20\u00d720 debeline 1 mm. Razdalja med loki je 1 meter. Vendar pa je za regije, ki nimajo najstro\u017ejih podnebnih razmer, to ve\u010d kot dovolj. Spredaj in zadaj spredaj imata krilna vrata. Rastlinjak je prehoden.[\/vc_column_text][vc_separator][vc_column_text css=&#8221;&#8221; text_larger=&#8221;no&#8221; woodmart_inline=&#8221;no&#8221;]<\/p>\n<h3 style=\"text-align: center;\">Polikarbonatna zasteklitev<\/h3>\n<p>Varnostni votli polikarbonat za rastlinjake z UV filtrom ima visoko toplotno izolacijo proti steklu. Odporen na mehanske po\u0161kodbe, vremenske vplive in to\u010do. Izjemna prosojnost polikarbonata (\u010distost \u2013 do 86%).  <\/p>\n<p>Izbirate lahko med ve\u010d dizajni, vrtni rastlinjak PREMIUM LUX je opremljen s 4 mm, 6 mm polikarbonatom, ki zagotavlja brezhibno in dolgo \u017eivljenjsko dobo. Za zahtevnej\u0161e kupce in profesionalce ponujamo PREMIUM LUX 8mm razli\u010dico za rastlinjake. <\/p>\n<p>Polikarbonat je dobavljen v zvitku in je pritrjen na konstrukcijo s samoreznimi vijaki.[\/vc_column_text][\/vc_column][\/vc_row][vc_row][vc_column width=&#8221;1\/2&#8243;][vc_separator style=&#8221;shadow&#8221; border_width=&#8221;5&#8243;][vc_text_separator title=&#8221;Priporo\u010dena dodatna oprema:&#8221; title_align=&#8221;separator_align_left&#8221; align=&#8221;align_left&#8221; style=&#8221;dotted&#8221;]<div class=\"widget_products \"><div class=\"widget woocommerce widget_products\"><ul class=\"product_list_widget\"><li>\n\t\t<span class=\"widget-product-wrap\">\n\t\t<a href=\"https:\/\/agroflex.cz\/sl\/izdelek\/aero-100-avtomatski-odpirac-oken-za-rastlinjake\/\" title=\"AERO-100 Avtomatski odpira\u010d oken za rastlinjake\" class=\"widget-product-img\">\n\t\t\t<img decoding=\"async\" width=\"300\" height=\"300\" src=\"https:\/\/agroflex.cz\/wp-content\/uploads\/2023\/09\/avtomat2-1-300x300.jpg\" class=\"attachment-woocommerce_thumbnail size-woocommerce_thumbnail\" alt=\"Olejov\u00fd p\u00edst do sklen\u00edku\" srcset=\"https:\/\/agroflex.cz\/wp-content\/uploads\/2023\/09\/avtomat2-1-300x300.jpg 300w, https:\/\/agroflex.cz\/wp-content\/uploads\/2023\/09\/avtomat2-1-150x150.jpg 150w, https:\/\/agroflex.cz\/wp-content\/uploads\/2023\/09\/avtomat2-1-600x600.jpg 600w, https:\/\/agroflex.cz\/wp-content\/uploads\/2023\/09\/avtomat2-1.jpg 690w\" sizes=\"(max-width: 300px) 100vw, 300px\" \/>\t\t<\/a>\n\t\t<span class=\"widget-product-info\">\n\t\t\t<a href=\"https:\/\/agroflex.cz\/sl\/izdelek\/aero-100-avtomatski-odpirac-oken-za-rastlinjake\/\" title=\"AERO-100 Avtomatski odpira\u010d oken za rastlinjake\" class=\"wd-entities-title\">\n\t\t\t\tAERO-100 Avtomatski odpira\u010d oken za rastlinjake\t\t\t<\/a>\n\t\t\t\t\t\t\t\t\t\t\t\t\t<span class=\"price\"><del aria-hidden=\"true\"><span class=\"woocommerce-Price-amount amount\"><bdi>1 632<span class=\"woocommerce-Price-currencySymbol\">&#75;&#269;<\/span><\/bdi><\/span><\/del> <span class=\"screen-reader-text\">Izvirna cena je bila: 1 632&#075;&#269;.<\/span><ins aria-hidden=\"true\"><span class=\"woocommerce-Price-amount amount\"><bdi>1 531<span class=\"woocommerce-Price-currencySymbol\">&#75;&#269;<\/span><\/bdi><\/span><\/ins><span class=\"screen-reader-text\">Trenutna cena je: 1 531&#075;&#269;.<\/span><\/span>\n\t\t<\/span>\n\t<\/span>\n\t<\/li>\n<\/ul><\/div><\/div>[vc_separator style=&#8221;shadow&#8221; border_width=&#8221;5&#8243;][vc_column_text text_larger=&#8221;no&#8221; woodmart_inline=&#8221;no&#8221;]<\/p>\n<h4 style=\"text-align: center;\"><strong>Parametri toplogrednih plinov:<\/strong><\/h4>\n<table>\n<tbody>\n<tr>\n<td style=\"text-align: left;\">Vrsta konstrukcije<\/td>\n<td style=\"text-align: right;\">snemljiv<\/td>\n<\/tr>\n<tr>\n<td style=\"text-align: left;\">Dovoljena obremenitev<\/td>\n<td style=\"text-align: right;\">190 kg<\/td>\n<\/tr>\n<tr>\nodpornost <\/p>\n<td style=\"text-align: left;\">proti vetru<\/td>\n<td style=\"text-align: right;\">20 m\/s<\/td>\n<\/tr>\n<tr>\n<td style=\"text-align: left;\">\u0161irina<\/td>\n<td style=\"text-align: right;\">3 m<\/td>\n<\/tr>\n<tr>\n<td style=\"text-align: left;\">vi\u0161ina<\/td>\n<td style=\"text-align: right;\">2,1 m<\/td>\n<\/tr>\n<tr>\n<td style=\"text-align: left;\">Dol\u017eina (razli\u010dice)<\/td>\n<td style=\"text-align: right;\">4 m; 6 m; 8 m; (modulacija v korakih po 2 m)<\/td>\n<\/tr>\n<tr>\n<td style=\"text-align: left;\">Material za zasteklitev<\/td>\n<td style=\"text-align: right;\">polikarbonat 4mm, 6mm, 8mm<\/td>\n<\/tr>\n<tr>\n<td style=\"text-align: left;\">UV za\u0161\u010dita<\/td>\n<td style=\"text-align: right;\">Da<\/td>\n<\/tr>\n<tr>\n<td style=\"text-align: left;\">Dimenzije plo\u0161\u010d<\/td>\n<td style=\"text-align: right;\">6 x 2,1 m<\/td>\n<\/tr>\n<tr>\n<td style=\"text-align: left;\">Gradbeni<\/td>\n<p> material<\/p>\n<td style=\"text-align: right;\"> Jeklo s pra\u0161nim premazom &#8211; zeleno<\/td>\n<\/tr>\n<tr>\n<td style=\"text-align: left;\">Trdnost stene<\/td>\n<td style=\"text-align: right;\">1 mm<\/td>\n<\/tr>\n<tr>\n<td style=\"text-align: left;\">Razdalja med krivuljami<\/td>\n<td style=\"text-align: right;\">100 cm<\/td>\n<\/tr>\n<tr>\n<td style=\"text-align: left;\">Oja\u010ditvene palice<\/td>\n<p> loka <\/p>\n<td style=\"text-align: right;\">3 vrstice<\/td>\n<\/tr>\n<tr>\n<td style=\"text-align: left;\">vrsta<\/td>\n<td style=\"text-align: right;\">prehoden na obeh straneh<\/td>\n<\/tr>\n<tr>\n<td style=\"text-align: left;\">Vhodna<\/td>\n<p> vrata<\/p>\n<td style=\"text-align: right;\">2 kos<\/td>\n<\/tr>\n<tr>\n<td style=\"text-align: left;\">Siganje iz polikarbonata<\/td>\n<td style=\"text-align: right;\">Vijaki s podlo\u017ekami in maticami M5<\/td>\n<\/tr>\n<tr>\n<td style=\"text-align: left;\">Garancija za polikarbonat<\/td>\n<td style=\"text-align: right;\">10 let<\/td>\n<\/tr>\n<tr>\n<td style=\"text-align: left;\">Gradbena<\/td>\n<p> garancija<\/p>\n<td style=\"text-align: right;\">5 let<\/td>\n<\/tr>\n<tr>\n<td style=\"text-align: left;\">Stre\u0161no prezra\u010devalno okno<\/td>\n<td style=\"text-align: right;\"><a href=\"https:\/\/agroflex.cz\/sl\/izdelek\/stresno-prezracevalno-okno-premium-lux\/\" target=\"_blank\" rel=\"noopener\">Sorodni izdelki<\/a><\/td>\n<\/tr>\n<tr>\n<td style=\"text-align: left;\">Siganje<\/td>\n<p> rastlinjaka<\/p>\n<td style=\"text-align: right;\"><a href=\"https:\/\/agroflex.cz\/sl\/kategorie-produktu\/sidranje-rastlinjaka\/\" target=\"_blank\" rel=\"noopener\">Sorodni izdelki<\/a><\/td>\n<\/tr>\n<\/tbody>\n<\/table>\n<p><span style=\"font-size: 10pt;\">V primeru, da ne \u017eelite skrbeti za sestavljanje potrebnih dodatkov za rastlinjake, vam ponujamo kompletne <a href=\"https:\/\/agroflex.cz\/sl\/kategorie-produktu\/komplet-dodatkov\/\"><strong>razli\u010dne komplete \/ komplete dodatkov za rastlinjake.<\/strong><\/a><\/span>[\/vc_column_text][vc_separator style=&#8221;shadow&#8221; border_width=&#8221;5&#8243;][\/vc_column][vc_column width=&#8221;1\/2&#8243;][vc_separator style=&#8221;shadow&#8221; border_width=&#8221;5&#8243;][vc_column_text css=&#8221;&#8221; text_larger=&#8221;no&#8221; woodmart_inline=&#8221;no&#8221;]<\/p>\n<div class=\"vc_row wpb_row vc_row-fluid\">\n<div class=\"wpb_column vc_column_container vc_col-sm-12\">\n<div class=\"vc_column-inner\">\n<div class=\"wpb_wrapper\">\n<div class=\"wpb_text_column wpb_content_element\">\n<div class=\"wpb_wrapper\">\n<h4 style=\"text-align: center;\">Temelji za rastlinjak<\/h4>\n<p>Da bi zagotovili trajnost rastlinjaka, je priporo\u010dljivo, da ga namestite na vnaprej pripravljeno podlago &#8211; temelj, izdelan na podlagi njegovih dimenzij po obodu podno\u017eja, na primer v obliki okvirja debeline 100 &#8230; 200 mm, kar bo znatno zmanj\u0161alo korozijsko aktivnost. Okvir rastlinjaka je treba pritrditi na temelj z vijaki ali \u017eeblji, da se prepre\u010di prevrnitev pri mo\u010dnih vetrovih. <\/p>\n<p>Polikarbonatni rastlinjak se tako lahko pritrdi glede na prioriteto vsakega kupca, lahko se vgradi v tla (pritrditev je zagotovljena s sidrnimi nogami), lesene prizme 10 x 10cm ali na betonsko podlago. Vendar pa je na splo\u0161no sidranje na betonsko podlago bolj\u0161a izbira, ki bo znatno zmanj\u0161ala korozijsko aktivnost. <\/p>\n<\/div>\n<\/div>\n<\/div>\n<\/div>\n<\/div>\n<\/div>\n<p>[\/vc_column_text]<div class=\"widget_products \"><div class=\"widget woocommerce widget_products\"><ul class=\"product_list_widget\"><li>\n\t\t<span class=\"widget-product-wrap\">\n\t\t<a href=\"https:\/\/agroflex.cz\/sl\/izdelek\/botanik-plocevinasta-podlaga-za-rastlinjake\/\" title=\"Botanik plo\u010devinasta podlaga za rastlinjake\" class=\"widget-product-img\">\n\t\t\t<img decoding=\"async\" width=\"300\" height=\"300\" src=\"https:\/\/agroflex.cz\/wp-content\/uploads\/2023\/09\/Zakladna-pro-zahradni-skleniky-Agroflex-300x300.jpg\" class=\"attachment-woocommerce_thumbnail size-woocommerce_thumbnail\" alt=\"\" srcset=\"https:\/\/agroflex.cz\/wp-content\/uploads\/2023\/09\/Zakladna-pro-zahradni-skleniky-Agroflex-300x300.jpg 300w, https:\/\/agroflex.cz\/wp-content\/uploads\/2023\/09\/Zakladna-pro-zahradni-skleniky-Agroflex-150x150.jpg 150w\" sizes=\"(max-width: 300px) 100vw, 300px\" \/>\t\t<\/a>\n\t\t<span class=\"widget-product-info\">\n\t\t\t<a href=\"https:\/\/agroflex.cz\/sl\/izdelek\/botanik-plocevinasta-podlaga-za-rastlinjake\/\" title=\"Botanik plo\u010devinasta podlaga za rastlinjake\" class=\"wd-entities-title\">\n\t\t\t\tBotanik plo\u010devinasta podlaga za rastlinjake\t\t\t<\/a>\n\t\t\t\t\t\t\t\t\t\t\t\t\t<span class=\"price\"><span class=\"woocommerce-Price-amount amount\" aria-hidden=\"true\"><bdi>968<span class=\"woocommerce-Price-currencySymbol\">&#75;&#269;<\/span><\/bdi><\/span> <span aria-hidden=\"true\">&ndash;<\/span> <span class=\"woocommerce-Price-amount amount\" aria-hidden=\"true\"><bdi>3 267<span class=\"woocommerce-Price-currencySymbol\">&#75;&#269;<\/span><\/bdi><\/span><span class=\"screen-reader-text\">Cenovni razpon: od 968&#75;&#269; do 3 267&#75;&#269;<\/span><\/span>\n\t\t<\/span>\n\t<\/span>\n\t<\/li>\n<\/ul><\/div><\/div>[vc_separator style=&#8221;shadow&#8221; border_width=&#8221;5&#8243;][vc_column_text css=&#8221;&#8221; text_larger=&#8221;no&#8221; woodmart_inline=&#8221;no&#8221;]<\/p>\n<div class=\"vc_row wpb_row vc_row-fluid\">\n<div class=\"wpb_column vc_column_container vc_col-sm-12\">\n<div class=\"vc_column-inner\">\n<div class=\"wpb_wrapper\">\n<div class=\"wpb_text_column wpb_content_element\">\n<div class=\"wpb_wrapper\">\n<h5 style=\"text-align: center;\">Pritrditve<\/h5>\n<p>Sestavljanje rastlinjaka je tudi preprosto in ne zahteva posebnih ve\u0161\u010din. Potreben je le minimalen nabor orodij &#8211; klju\u010d, izvija\u010d, no\u017e. Podrobna navodila boste prejeli skupaj z rastlinjakom. Ilustrirano navodilo bo \u0161e dodatno poenostavilo postopek gradnje rastlinjaka,   <\/p>\n<p>\u010ce nimate \u010dasa za monta\u017eo, <a href=\"https:\/\/agroflex.cz\/sl\/sestavljanje-rastlinjaka\/\" target=\"_blank\" rel=\"noopener\"><strong>lahko monta\u017eo<\/strong><\/a> naro\u010dite pri na\u0161ih strokovnjakih, ki vam bodo vse sestavili z visoko strokovnostjo in v najkraj\u0161em mo\u017enem \u010dasu. \u010ceprav je monta\u017ea celotnega rastlinjaka preprosta, je potrebno najve\u010d \u010dasa za rezanje in rob polikarbonata ter njegovo monta\u017eo na obe sprednji strani rastlinjaka. Zato vam ponujamo mo\u017enost naro\u010dila tega dela <a href=\"https:\/\/agroflex.cz\/sl\/sestavljanje-rastlinjaka\/\" target=\"_blank\" rel=\"noopener\"><strong>monta\u017ee<\/strong><\/a>, ki se izvaja v na\u0161em skladi\u0161\u010du, od nosilca boste prejeli obe sprednji strani, napolnjeni s polikarbonatom. <\/p>\n<p>Rastlinjak se lahko spremeni in izvedba raz\u0161iritev je mo\u017ena v prihodnosti, zato je teoreti\u010dna dol\u017eina rastlinjaka neomejena.<\/p>\n<\/div>\n<\/div>\n<\/div>\n<\/div>\n<\/div>\n<\/div>\n<p>[\/vc_column_text][vc_separator style=&#8221;shadow&#8221; border_width=&#8221;5&#8243;][vc_column_text woodmart_inline=&#8221;no&#8221; text_larger=&#8221;no&#8221;]<\/p>\n<h3 style=\"text-align: center;\">Alternative<\/h3>\n<p>[\/vc_column_text]<div class=\"widget_products \"><div class=\"widget woocommerce widget_products\"><ul class=\"product_list_widget\"><li>\n\t\t<span class=\"widget-product-wrap\">\n\t\t<a href=\"https:\/\/agroflex.cz\/sl\/izdelek\/vrhunski-polikarbonatni-rastlinjak-titan-lux\/\" title=\"Vrhunski polikarbonatni rastlinjak TITAN LUX\" class=\"widget-product-img\">\n\t\t\t<img decoding=\"async\" width=\"300\" height=\"300\" src=\"https:\/\/agroflex.cz\/wp-content\/uploads\/2023\/09\/zahradni-sklenik-300x300.jpg\" class=\"attachment-woocommerce_thumbnail size-woocommerce_thumbnail\" alt=\"polykarbon\u00e1tov\u00fd sklen\u00edk\" \/>\t\t<\/a>\n\t\t<span class=\"widget-product-info\">\n\t\t\t<a href=\"https:\/\/agroflex.cz\/sl\/izdelek\/vrhunski-polikarbonatni-rastlinjak-titan-lux\/\" title=\"Vrhunski polikarbonatni rastlinjak TITAN LUX\" class=\"wd-entities-title\">\n\t\t\t\tVrhunski polikarbonatni rastlinjak TITAN LUX\t\t\t<\/a>\n\t\t\t\t\t\t\t<div class=\"star-rating\" role=\"img\" aria-label=\"Ocenjeno 5.00 od 5\"><span style=\"width:100%\">Ocenjeno <strong class=\"rating\">5.00<\/strong> od 5<\/span><\/div>\t\t\t\t\t\t<span class=\"price\"><span class=\"woocommerce-Price-amount amount\" aria-hidden=\"true\"><bdi>22 363<span class=\"woocommerce-Price-currencySymbol\">&#75;&#269;<\/span><\/bdi><\/span> <span aria-hidden=\"true\">&ndash;<\/span> <span class=\"woocommerce-Price-amount amount\" aria-hidden=\"true\"><bdi>67 086<span class=\"woocommerce-Price-currencySymbol\">&#75;&#269;<\/span><\/bdi><\/span><span class=\"screen-reader-text\">Cenovni razpon: od 22 363&#75;&#269; do 67 086&#75;&#269;<\/span><\/span>\n\t\t<\/span>\n\t<\/span>\n\t<\/li>\n<\/ul><\/div><\/div>[vc_separator style=&#8221;shadow&#8221; border_width=&#8221;5&#8243;][\/vc_column][\/vc_row]<\/p>\n<\/div>","protected":false},"excerpt":{"rendered":"<p><span style=\"font-size: 10pt;\"><strong><span style=\"color: #ff0000;\">Prodaja!<\/span><\/strong>  \u0160irina rastlinjaka 3m, vi\u0161ina 2,1m, dol\u017eina od 4m. Z dvojno konstrukcijo iz jekla debeline 20 x 20 x 1mm. Robustna jeklena konstrukcija s pra\u0161no lakiranim prahom. Vremenska odpornost. Poseben polikarbonat za rastlinjake z UV filtrom.    <\/span><\/p>\n","protected":false},"featured_media":12914,"comment_status":"open","ping_status":"closed","template":"","meta":[],"product_brand":[419],"product_cat":[484,749,851,1220],"product_tag":[],"class_list":{"0":"post-24761","1":"product","2":"type-product","3":"status-publish","4":"has-post-thumbnail","6":"product_brand-agroflex","7":"product_cat-484","8":"product_cat-dogodki-v-vrtnih-rastlinjakih","9":"product_cat-obokani-rastlinjaki","10":"product_cat-barvite-rastlinjake","12":"first","13":"instock","14":"sale","15":"taxable","16":"shipping-taxable","17":"purchasable","18":"product-type-variable","19":"has-default-attributes"},"_links":{"self":[{"href":"https:\/\/agroflex.cz\/sl\/wp-json\/wp\/v2\/product\/24761","targetHints":{"allow":["GET"]}}],"collection":[{"href":"https:\/\/agroflex.cz\/sl\/wp-json\/wp\/v2\/product"}],"about":[{"href":"https:\/\/agroflex.cz\/sl\/wp-json\/wp\/v2\/types\/product"}],"replies":[{"embeddable":true,"href":"https:\/\/agroflex.cz\/sl\/wp-json\/wp\/v2\/comments?post=24761"}],"wp:featuredmedia":[{"embeddable":true,"href":"https:\/\/agroflex.cz\/sl\/wp-json\/wp\/v2\/media\/12914"}],"wp:attachment":[{"href":"https:\/\/agroflex.cz\/sl\/wp-json\/wp\/v2\/media?parent=24761"}],"wp:term":[{"taxonomy":"product_brand","embeddable":true,"href":"https:\/\/agroflex.cz\/sl\/wp-json\/wp\/v2\/product_brand?post=24761"},{"taxonomy":"product_cat","embeddable":true,"href":"https:\/\/agroflex.cz\/sl\/wp-json\/wp\/v2\/product_cat?post=24761"},{"taxonomy":"product_tag","embeddable":true,"href":"https:\/\/agroflex.cz\/sl\/wp-json\/wp\/v2\/product_tag?post=24761"}],"curies":[{"name":"wp","href":"https:\/\/api.w.org\/{rel}","templated":true}]}}