{"id":25994,"date":"2023-09-04T21:22:17","date_gmt":"2023-09-04T21:22:17","guid":{"rendered":"https:\/\/agroflex.cz\/product\/polikarbonatna-plosca-4mm-modra-21-x-6m\/"},"modified":"2025-09-20T14:37:11","modified_gmt":"2025-09-20T14:37:11","slug":"polikarbonatna-plosca-4mm-modra-21-x-6m","status":"publish","type":"product","link":"https:\/\/agroflex.cz\/sl\/izdelek\/polikarbonatna-plosca-4mm-modra-21-x-6m\/","title":{"rendered":"Polikarbonatna plo\u0161\u010da 4mm modra \u2013 2,1 x 6m"},"content":{"rendered":"<div class=\"wpb-content-wrapper\"><p>[vc_row][vc_column][vc_column_text woodmart_inline=&#8221;no&#8221; text_larger=&#8221;no&#8221;]<\/p>\n<h1 style=\"text-align: center;\">Celi\u010dni polikarbonat 4mm &#8211; modra<\/h1>\n<p>Polikarbonatna plo\u0161\u010da \u2013 debelina zasteklitve 4 mm \u2013 modra dvostenska polikarbonatna dvostenska plo\u0161\u010da. Plo\u0161\u010da je lahka, odporna na udarce, enostavna za namestitev, omogo\u010da hladno upogibanje. Sprednja stran vsebuje UV za\u0161\u010ditno folijo pred UV sevanjem, ta za\u0161\u010dita vnaprej dolo\u010da uporabo polikarbonata v zunanjosti, kjer je izpostavljen neugodnim podnebnim pojavom. Hkrati votla struktura plo\u0161\u010d zagotavlja, da se toplotna energija pozimi zadr\u017euje v notranjosti in tako prihrani stro\u0161ke ogrevanja.   <\/p>\n<ul>\n<li>Primerna za vrtne rastlinjake, rastlinjake, parnike, kletna okna, stre\u0161ne kritine bazenov, pergole, gara\u017ene lope itd.<\/li>\n<li>Odstranite za\u0161\u010ditno folijo s celotne povr\u0161ine<\/li>\n<li>Smer komor mora biti vedno vzporedna s smerjo vode na plo\u0161\u010dah<\/li>\n<li>Odprte pre\u010dne robove plo\u0161\u010d zaprite s prezra\u010devalnim trakom ali aluminijastim trakom<\/li>\n<li>Kon\u010dne U-profile namestite na pre\u010dne robove plo\u0161\u010d s prezra\u010devalnim trakom ali aluminijastim trakom<\/li>\n<\/ul>\n<p>[\/vc_column_text][\/vc_column][\/vc_row][vc_row][vc_column width=&#8221;1\/2&#8243;][vc_separator style=&#8221;shadow&#8221; border_width=&#8221;5&#8243; wd_hide_on_desktop=&#8221;no&#8221; wd_hide_on_tablet=&#8221;no&#8221; wd_hide_on_mobile=&#8221;no&#8221;][vc_column_text woodmart_inline=&#8221;no&#8221; text_larger=&#8221;no&#8221;]<\/p>\n<p style=\"text-align: center;\"><span style=\"color: #000000; font-size: 14pt;\"><strong>Tehni\u010dni parametri<br \/>\n<\/strong><\/span><\/p>\n<table>\n<tbody>\n<tr style=\"height: 24px;\">\n<td style=\"width: 205.217px; text-align: left; height: 24px;\">velikost plo\u0161\u010de W-L <\/td>\n<td style=\"width: 257.283px; text-align: left; height: 24px;\">2100 &#8211; 6000 mm<\/td>\n<\/tr>\n<tr style=\"height: 24px;\">\n<td style=\"width: 205.217px; text-align: left; height: 10px;\">dol\u017eina<\/td>\n<td style=\"width: 257.283px; text-align: left; height: 10px;\">v smeri votlin<\/td>\n<p>,<br \/>\n<\/tr>\n<tr style=\"height: 47px;\">\n<td style=\"width: 205.217px; text-align: left; height: 19px;\">debelina<\/td>\n<td style=\"width: 257.283px; text-align: left; height: 19px;\">4 mm<\/td>\n<\/tr>\n<tr style=\"height: 24px;\">\n<td style=\"width: 205.217px; text-align: left; height: 10px;\">Jasnost<\/td>\n<td style=\"width: 257.283px; text-align: left; height: 10px;\">do 81%<\/td>\n<\/tr>\n<tr style=\"height: 24px;\">\n<td style=\"width: 205.217px; text-align: left; height: 10px;\">Te\u017ea<\/td>\n<p> povr\u0161ine<\/p>\n<td style=\"width: 257.283px; text-align: left; height: 10px;\">0,8 kg\/m\u00b2<\/td>\n<\/tr>\n<tr style=\"height: 24px;\">\n<td style=\"width: 205.217px; text-align: left; height: 10px;\">Koeficient prenosa<\/td>\n<p> toplote <\/p>\n<td style=\"width: 257.283px; text-align: left; height: 10px;\">K = 3,6 W\/m2K<\/td>\n<\/tr>\n<tr style=\"height: 24px;\">\n<td style=\"width: 205.217px; text-align: left; height: 10px;\">Koef. Toplotna ekspanzija <\/td>\n<td style=\"width: 257.283px; text-align: left; height: 10px;\">0,070 mm\/m \u00b0C<\/td>\n<\/tr>\n<tr style=\"height: 24px;\">\n<td style=\"width: 205.217px; text-align: left; height: 10px;\">polmer upogiba R<\/td>\n<td style=\"width: 257.283px; text-align: left; height: 10px;\">700 mm<\/td>\n<\/tr>\n<tr style=\"height: 48px;\">\n<td style=\"width: 205.217px; text-align: left; height: 19px;\">uporaba v temperaturnem intervalu od<\/td>\n<td style=\"width: 257.283px; text-align: left; height: 19px;\">-40 \u00ba\u0421 do +120 \u00ba\u0421.<\/td>\n<\/tr>\n<tr style=\"height: 24px;\">\n<td style=\"width: 205.217px; text-align: left; height: 10px;\">UV za\u0161\u010dita<\/td>\n<td style=\"width: 257.283px; text-align: left; height: 10px;\">Da<\/td>\n<\/tr>\n<tr style=\"height: 48px;\">\n<td style=\"width: 205.217px; text-align: left; height: 22px;\">Po\u017earna odpornost<\/td>\n<td style=\"width: 257.283px; text-align: left; height: 22px;\">komaj vnetljiv in plamen ugasne sam od sebe<\/td>\n<\/tr>\n<tr style=\"height: 24px;\">\nodporen na <\/p>\n<td style=\"width: 205.217px; text-align: left; height: 10px;\">to\u010do<\/td>\n<td style=\"width: 257.283px; text-align: left; height: 10px;\">Da<\/td>\n<\/tr>\n<tr style=\"height: 24px;\">\n<td style=\"width: 205.217px; text-align: left; height: 10px;\">garancija<\/td>\n<td style=\"width: 257.283px; text-align: left; height: 10px;\">10 let<\/td>\n<\/tr>\n<tr style=\"height: 24px;\">\n<td style=\"width: 205.217px; text-align: left; height: 10px;\">Proizvajalec<\/td>\n<td style=\"width: 257.283px; text-align: left; height: 10px;\">Arla Plast<\/td>\n<\/tr>\n<\/tbody>\n<\/table>\n<p>[\/vc_column_text][\/vc_column][vc_column width=&#8221;1\/2&#8243;][vc_separator style=&#8221;shadow&#8221; border_width=&#8221;5&#8243; wd_hide_on_desktop=&#8221;no&#8221; wd_hide_on_tablet=&#8221;no&#8221; wd_hide_on_mobile=&#8221;no&#8221;][vc_text_separator title=&#8221;Priporo\u010dena dodatna oprema:&#8221; title_align=&#8221;separator_align_left&#8221; align=&#8221;align_left&#8221;]<div class=\"widget_products \"><div class=\"widget woocommerce widget_products\"><ul class=\"product_list_widget\"><li>\n\t\t<span class=\"widget-product-wrap\">\n\t\t<a href=\"https:\/\/agroflex.cz\/sl\/izdelek\/paroprepustni-prezracevalni-trak-antidust-3500\/\" title=\"Paroprepustni prezra\u010devalni trak AntiDust 3500\" class=\"widget-product-img\">\n\t\t\t<img decoding=\"async\" width=\"300\" height=\"300\" src=\"https:\/\/agroflex.cz\/wp-content\/uploads\/2023\/09\/Ventilacni-paska-Antidust-300x300.jpg\" class=\"attachment-woocommerce_thumbnail size-woocommerce_thumbnail\" alt=\"\" srcset=\"https:\/\/agroflex.cz\/wp-content\/uploads\/2023\/09\/Ventilacni-paska-Antidust-300x300.jpg 300w, https:\/\/agroflex.cz\/wp-content\/uploads\/2023\/09\/Ventilacni-paska-Antidust-150x150.jpg 150w\" sizes=\"(max-width: 300px) 100vw, 300px\" \/>\t\t<\/a>\n\t\t<span class=\"widget-product-info\">\n\t\t\t<a href=\"https:\/\/agroflex.cz\/sl\/izdelek\/paroprepustni-prezracevalni-trak-antidust-3500\/\" title=\"Paroprepustni prezra\u010devalni trak AntiDust 3500\" class=\"wd-entities-title\">\n\t\t\t\tParoprepustni prezra\u010devalni trak AntiDust 3500\t\t\t<\/a>\n\t\t\t\t\t\t\t<div class=\"star-rating\" role=\"img\" aria-label=\"Ocenjeno 5.00 od 5\"><span style=\"width:100%\">Ocenjeno <strong class=\"rating\">5.00<\/strong> od 5<\/span><\/div>\t\t\t\t\t\t<span class=\"price\"><span class=\"woocommerce-Price-amount amount\"><bdi>789<span class=\"woocommerce-Price-currencySymbol\">&#75;&#269;<\/span><\/bdi><\/span><\/span>\n\t\t<\/span>\n\t<\/span>\n\t<\/li>\n<\/ul><\/div><\/div>[\/vc_column][\/vc_row]<\/p>\n<\/div>","protected":false},"excerpt":{"rendered":"<p>Dvostenske polikarbonatne plo\u0161\u010de debeline 4 mm modre barve &#8211; to so ravne (ravne) celi\u010dne plo\u0161\u010de iz nezlomljivega POLIKARBONATA z UV filtrom. So odli\u010den material za toplotno izolacijo, nezlomljivo zasteklitev, osvetlitev in stre\u0161ne kritine. Dimenzije plo\u0161\u010de (\u0161irina x dol\u017eina smeri jeder): 2,1 x 6m &#8211; 12m2  <\/p>\n","protected":false},"featured_media":25995,"comment_status":"closed","ping_status":"closed","template":"","meta":[],"product_brand":[419],"product_cat":[1304],"product_tag":[],"class_list":{"0":"post-25994","1":"product","2":"type-product","3":"status-publish","4":"has-post-thumbnail","6":"product_brand-agroflex","7":"product_cat-polikarbonatne-plosce","9":"first","10":"onbackorder","11":"taxable","12":"shipping-taxable","13":"purchasable","14":"product-type-simple"},"_links":{"self":[{"href":"https:\/\/agroflex.cz\/sl\/wp-json\/wp\/v2\/product\/25994","targetHints":{"allow":["GET"]}}],"collection":[{"href":"https:\/\/agroflex.cz\/sl\/wp-json\/wp\/v2\/product"}],"about":[{"href":"https:\/\/agroflex.cz\/sl\/wp-json\/wp\/v2\/types\/product"}],"replies":[{"embeddable":true,"href":"https:\/\/agroflex.cz\/sl\/wp-json\/wp\/v2\/comments?post=25994"}],"wp:featuredmedia":[{"embeddable":true,"href":"https:\/\/agroflex.cz\/sl\/wp-json\/wp\/v2\/media\/25995"}],"wp:attachment":[{"href":"https:\/\/agroflex.cz\/sl\/wp-json\/wp\/v2\/media?parent=25994"}],"wp:term":[{"taxonomy":"product_brand","embeddable":true,"href":"https:\/\/agroflex.cz\/sl\/wp-json\/wp\/v2\/product_brand?post=25994"},{"taxonomy":"product_cat","embeddable":true,"href":"https:\/\/agroflex.cz\/sl\/wp-json\/wp\/v2\/product_cat?post=25994"},{"taxonomy":"product_tag","embeddable":true,"href":"https:\/\/agroflex.cz\/sl\/wp-json\/wp\/v2\/product_tag?post=25994"}],"curies":[{"name":"wp","href":"https:\/\/api.w.org\/{rel}","templated":true}]}}