{"id":26043,"date":"2024-03-18T22:19:33","date_gmt":"2024-03-18T22:19:33","guid":{"rendered":"https:\/\/agroflex.cz\/product\/prezracevalno-okno-tulipan-d25\/"},"modified":"2024-03-18T22:19:33","modified_gmt":"2024-03-18T22:19:33","slug":"prezracevalno-okno-tulipan-d25","status":"publish","type":"product","link":"https:\/\/agroflex.cz\/sl\/izdelek\/prezracevalno-okno-tulipan-d25\/","title":{"rendered":"Prezra\u010devalno okno &#8211; Tulipan D25"},"content":{"rendered":"<p><strong> <\/strong><\/p>\n<p>&nbsp;<\/p>\n<p>&nbsp;<\/p>\n","protected":false},"excerpt":{"rendered":"<p>Stre\u0161no prezra\u010devalno okno se uporablja za uravnavanje notranje temperature v rastlinjaku. je originalni raz\u0161iritveni izdelek za vrtni rastlinjak Tulip D25. Okenski okvir je izdelan na enak na\u010din kot celoten rastlinjak. Prezra\u010devalno okno je popolnoma zdru\u017eljivo z avtomatskim odpira\u010dem Aero-100, Thermovent, Univent, Megavent, ki ga lahko naro\u010dite s tem oknom. Paket vsebuje vse potrebne monta\u017ene komponente.    <\/p>\n","protected":false},"featured_media":26044,"comment_status":"open","ping_status":"closed","template":"","meta":[],"product_brand":[419],"product_cat":[491,1340],"product_tag":[],"class_list":{"0":"post-26043","1":"product","2":"type-product","3":"status-publish","4":"has-post-thumbnail","6":"product_brand-agroflex","7":"product_cat-dodatki","8":"product_cat-prezracevalna-okna","10":"first","11":"onbackorder","12":"taxable","13":"shipping-taxable","14":"purchasable","15":"product-type-simple"},"_links":{"self":[{"href":"https:\/\/agroflex.cz\/sl\/wp-json\/wp\/v2\/product\/26043","targetHints":{"allow":["GET"]}}],"collection":[{"href":"https:\/\/agroflex.cz\/sl\/wp-json\/wp\/v2\/product"}],"about":[{"href":"https:\/\/agroflex.cz\/sl\/wp-json\/wp\/v2\/types\/product"}],"replies":[{"embeddable":true,"href":"https:\/\/agroflex.cz\/sl\/wp-json\/wp\/v2\/comments?post=26043"}],"wp:featuredmedia":[{"embeddable":true,"href":"https:\/\/agroflex.cz\/sl\/wp-json\/wp\/v2\/media\/26044"}],"wp:attachment":[{"href":"https:\/\/agroflex.cz\/sl\/wp-json\/wp\/v2\/media?parent=26043"}],"wp:term":[{"taxonomy":"product_brand","embeddable":true,"href":"https:\/\/agroflex.cz\/sl\/wp-json\/wp\/v2\/product_brand?post=26043"},{"taxonomy":"product_cat","embeddable":true,"href":"https:\/\/agroflex.cz\/sl\/wp-json\/wp\/v2\/product_cat?post=26043"},{"taxonomy":"product_tag","embeddable":true,"href":"https:\/\/agroflex.cz\/sl\/wp-json\/wp\/v2\/product_tag?post=26043"}],"curies":[{"name":"wp","href":"https:\/\/api.w.org\/{rel}","templated":true}]}}