{"id":26050,"date":"2024-03-19T13:55:45","date_gmt":"2024-03-19T13:55:45","guid":{"rendered":"https:\/\/agroflex.cz\/product\/lego-ps-v20-vrtni-robnik\/"},"modified":"2025-09-20T14:37:40","modified_gmt":"2025-09-20T14:37:40","slug":"lego-ps-v20-vrtni-robnik","status":"publish","type":"product","link":"https:\/\/agroflex.cz\/sl\/izdelek\/lego-ps-v20-vrtni-robnik\/","title":{"rendered":"LEGO PS V20 Vrtni robnik"},"content":{"rendered":"<div class=\"wpb-content-wrapper\"><p>[vc_row][vc_column][vc_column_text woodmart_inline=&#8221;no&#8221; text_larger=&#8221;no&#8221;]<\/p>\n<h3 style=\"text-align: center;\">LEGO PS V20 Plasti\u010dni vrtni robnik<\/h3>\n<p>LEGO PS V20 Plasti\u010dni vrtni robovi za <span class=\"keyword _ngcontent-xsf-110\" aria-hidden=\"false\">gredice<\/span> \u2013 Ogradica, ki zlahka lo\u010di va\u0161 vrt, cvetli\u010dno gredico, dvori\u0161\u010de ali travnik. Plasti\u010dni robnik se uporablja za ustvarjanje dvignjene postelje. Preprost in zanesljiv mehanizem za povezovanje odsekov vam bo omogo\u010dil sestavljanje in namestitev dvignjene postelje v razli\u010dnih velikostih in oblikah v nekaj minutah brez profesionalnega orodja. Vrtni robnik lahko kombiniramo v razli\u010dne kompozicije.   <\/p>\n<p>Prednosti:<\/p>\n<ul>\n<li>Enostavno rokovanje in namestitev<\/li>\n<li>omogo\u010da sestavljanje in namestitev dvignjene postelje v razli\u010dnih velikostih in oblikah<\/li>\n<li>Stabilna konstrukcija zahvaljujo\u010d nogam (okroglim stopalom), vgrajenim v tla<\/li>\n<li>Enostaven sistem povezovanja modulov<\/li>\n<li>Lahko se zlo\u017ei in shrani izven sezone<\/li>\n<\/ul>\n<p>Vrtni robniki so izdelani iz plastike debeline 20 mm, ne bojijo se prekomerne vlage, s\u010dasoma se ne deformirajo. Robovi postelj so skrbno upognjeni in varni za monta\u017eo.<\/p>\n<p>[\/vc_column_text][\/vc_column][\/vc_row]<\/p>\n<\/div>","protected":false},"excerpt":{"rendered":"<p><span style=\"color: #ff0000;\"><strong>NOVICE!<\/strong><\/span> <span class=\"ILfuVd\" lang=\"cs\"><span class=\"hgKElc\">Vi\u0161ina gredice<\/span><\/span>je 20 cm \/ stopalo je 20 cm \/ <span class=\"BxUVEf ILfuVd\" lang=\"cs\"><span class=\"hgKElc\"> debelina robnika <\/span><\/span> je 20 mm \/ Material je plasti\u010den. Zelo stabilna konstrukcija zahvaljujo\u010d stopalom &#8211; vgrajena v tla. Monta\u017ea je zelo preprosta.  <\/p>\n<p>Paket vsebuje 2 plo\u0161\u010di (par).<\/p>\n<p>Dol\u017eina 1 deske: 100 cm ali 200 cm (lahko zmanj\u0161ate dol\u017eino deske)<\/p>\n<p>Cena je za 2 plo\u0161\u010di (par) enake velikosti vklju\u010dno z dodatki<\/p>\n<p>&nbsp;<\/p>\n","protected":false},"featured_media":26054,"comment_status":"open","ping_status":"closed","template":"","meta":[],"product_brand":[419],"product_cat":[1347,491,1371,1370],"product_tag":[],"class_list":{"0":"post-26050","1":"product","2":"type-product","3":"status-publish","4":"has-post-thumbnail","6":"product_brand-agroflex","7":"product_cat-dvignjene-postelje","8":"product_cat-dodatki","9":"product_cat-vrtni-robniki","10":"product_cat-plasticna-korita-za-roze","12":"first","13":"onbackorder","14":"sale","15":"taxable","16":"shipping-taxable","17":"purchasable","18":"product-type-variable"},"_links":{"self":[{"href":"https:\/\/agroflex.cz\/sl\/wp-json\/wp\/v2\/product\/26050","targetHints":{"allow":["GET"]}}],"collection":[{"href":"https:\/\/agroflex.cz\/sl\/wp-json\/wp\/v2\/product"}],"about":[{"href":"https:\/\/agroflex.cz\/sl\/wp-json\/wp\/v2\/types\/product"}],"replies":[{"embeddable":true,"href":"https:\/\/agroflex.cz\/sl\/wp-json\/wp\/v2\/comments?post=26050"}],"wp:featuredmedia":[{"embeddable":true,"href":"https:\/\/agroflex.cz\/sl\/wp-json\/wp\/v2\/media\/26054"}],"wp:attachment":[{"href":"https:\/\/agroflex.cz\/sl\/wp-json\/wp\/v2\/media?parent=26050"}],"wp:term":[{"taxonomy":"product_brand","embeddable":true,"href":"https:\/\/agroflex.cz\/sl\/wp-json\/wp\/v2\/product_brand?post=26050"},{"taxonomy":"product_cat","embeddable":true,"href":"https:\/\/agroflex.cz\/sl\/wp-json\/wp\/v2\/product_cat?post=26050"},{"taxonomy":"product_tag","embeddable":true,"href":"https:\/\/agroflex.cz\/sl\/wp-json\/wp\/v2\/product_tag?post=26050"}],"curies":[{"name":"wp","href":"https:\/\/api.w.org\/{rel}","templated":true}]}}