{"id":26381,"date":"2024-04-01T18:02:54","date_gmt":"2024-04-01T18:02:54","guid":{"rendered":"https:\/\/agroflex.cz\/product\/dvignjena-postelja-tavola-1a-ps-antracit\/"},"modified":"2025-09-20T14:37:52","modified_gmt":"2025-09-20T14:37:52","slug":"dvignjena-postelja-tavola-1a-ps-antracit","status":"publish","type":"product","link":"https:\/\/agroflex.cz\/sl\/izdelek\/dvignjena-postelja-tavola-1a-ps-antracit\/","title":{"rendered":"Dvignjena postelja TAVOLA 1A PS &#8211; antracit"},"content":{"rendered":"<div class=\"wpb-content-wrapper\"><p>[vc_row][vc_column][vc_column_text css=&#8221;&#8221; woodmart_inline=&#8221;no&#8221; text_larger=&#8221;no&#8221;]<\/p>\n<h2 style=\"text-align: center;\">Plasti\u010dne dvignjene gredice Agroflex TAVOLA &#8211; antracit<\/h2>\n<p>Visoke plasti\u010dne postelje so inovativen in u\u010dinkovit na\u010din za pove\u010danje pridelka z vrta, hkrati pa izbolj\u0161ajo ergonomijo rasto\u010dih rastlin. Ti sodobni modeli ponujajo ve\u010d prednosti, ki jih bo cenil vsak vrtnar. <\/p>\n<p>Pravokotna dvignjena postelja je izdelana iz plastike debeline 20 mm, ne boji se prekomerne vlage, s\u010dasoma se ne deformira.<\/p>\n<p>Ena glavnih prednosti visokih plasti\u010dnih postelj je njihova ergonomska zasnova, ki omogo\u010da udobnej\u0161e delo brez pretiranega upogibanja. Zahvaljujo\u010d dvignjeni zasnovi ni potrebe po dolgotrajnem delu v stoje\u010dem ali kle\u010danju, kar zmanj\u0161uje obremenitev hrbta in sklepov. <\/p>\n<p>Druga prednost je za\u0161\u010dita rastlin pred neza\u017eelenimi \u017eivalmi, kot so moli ali zajci. Visoke plasti\u010dne gredice lahko enostavno opremimo z za\u0161\u010ditno mre\u017eo ali pokrovom, ki \u0161\u010diti rastline in prepre\u010duje po\u0161kodbe. <\/p>\n<p>Visoke plasti\u010dne postelje zaradi svoje zasnove omogo\u010dajo tudi bolj\u0161o regulacijo talnega okolja in namakanje. Opremljeni so lahko z integriranim namakalnim sistemom ali hidroponsko napravo, kar pove\u010da u\u010dinkovitost in var\u010devanje z vodo pri gojenju.[\/vc_column_text][\/vc_column][\/vc_row]<\/p>\n<\/div>","protected":false},"excerpt":{"rendered":"<p>Vi\u0161ina postelj je 60 cm \/ \u0160irina: 100 cm (lahko zmanj\u0161ate \u0161irino deske) \/ Dol\u017eina podno\u017eja: 1 m, lahko se izdelajo tudi dalj\u0161i podalj\u0161ki 1 m ali 2 m. Stabilna konstrukcija, zahvaljujo\u010d nogam &#8211; potopljena v tla. <\/p>\n","protected":false},"featured_media":26392,"comment_status":"open","ping_status":"closed","template":"","meta":[],"product_brand":[419],"product_cat":[491,1347,1370],"product_tag":[],"class_list":{"0":"post-26381","1":"product","2":"type-product","3":"status-publish","4":"has-post-thumbnail","6":"product_brand-agroflex","7":"product_cat-dodatki","8":"product_cat-dvignjene-postelje","9":"product_cat-plasticna-korita-za-roze","11":"first","12":"onbackorder","13":"taxable","14":"shipping-taxable","15":"purchasable","16":"product-type-variable"},"_links":{"self":[{"href":"https:\/\/agroflex.cz\/sl\/wp-json\/wp\/v2\/product\/26381","targetHints":{"allow":["GET"]}}],"collection":[{"href":"https:\/\/agroflex.cz\/sl\/wp-json\/wp\/v2\/product"}],"about":[{"href":"https:\/\/agroflex.cz\/sl\/wp-json\/wp\/v2\/types\/product"}],"replies":[{"embeddable":true,"href":"https:\/\/agroflex.cz\/sl\/wp-json\/wp\/v2\/comments?post=26381"}],"wp:featuredmedia":[{"embeddable":true,"href":"https:\/\/agroflex.cz\/sl\/wp-json\/wp\/v2\/media\/26392"}],"wp:attachment":[{"href":"https:\/\/agroflex.cz\/sl\/wp-json\/wp\/v2\/media?parent=26381"}],"wp:term":[{"taxonomy":"product_brand","embeddable":true,"href":"https:\/\/agroflex.cz\/sl\/wp-json\/wp\/v2\/product_brand?post=26381"},{"taxonomy":"product_cat","embeddable":true,"href":"https:\/\/agroflex.cz\/sl\/wp-json\/wp\/v2\/product_cat?post=26381"},{"taxonomy":"product_tag","embeddable":true,"href":"https:\/\/agroflex.cz\/sl\/wp-json\/wp\/v2\/product_tag?post=26381"}],"curies":[{"name":"wp","href":"https:\/\/api.w.org\/{rel}","templated":true}]}}