{"id":26612,"date":"2024-04-22T16:26:53","date_gmt":"2024-04-22T16:26:53","guid":{"rendered":"https:\/\/agroflex.cz\/product\/povezovalna-trak-h-polikarbonat-10mm\/"},"modified":"2024-04-22T16:26:53","modified_gmt":"2024-04-22T16:26:53","slug":"povezovalna-trak-h-polikarbonat-10mm","status":"publish","type":"product","link":"https:\/\/agroflex.cz\/sl\/izdelek\/povezovalna-trak-h-polikarbonat-10mm\/","title":{"rendered":"Povezovalna trak H polikarbonat 10mm"},"content":{"rendered":"","protected":false},"excerpt":{"rendered":"<p>Originalni polikarbonatni povezovalni profil tipa H namenjen za spajanje 8mm votlih polikarbonatnih plo\u0161\u010d. Za ve\u010dje stre\u0161ne kritine, npr. pergole, parkirna mesta, rastlinjaki iz prozornega polikarbonata 8mm.  <\/p>\n","protected":false},"featured_media":11790,"comment_status":"open","ping_status":"closed","template":"","meta":[],"product_brand":[419],"product_cat":[491,1322,1304],"product_tag":[],"class_list":{"0":"post-26612","1":"product","2":"type-product","3":"status-publish","4":"has-post-thumbnail","6":"product_brand-agroflex","7":"product_cat-dodatki","8":"product_cat-montazni-elementi","9":"product_cat-polikarbonatne-plosce","11":"first","12":"instock","13":"taxable","14":"shipping-taxable","15":"purchasable","16":"product-type-variable"},"_links":{"self":[{"href":"https:\/\/agroflex.cz\/sl\/wp-json\/wp\/v2\/product\/26612","targetHints":{"allow":["GET"]}}],"collection":[{"href":"https:\/\/agroflex.cz\/sl\/wp-json\/wp\/v2\/product"}],"about":[{"href":"https:\/\/agroflex.cz\/sl\/wp-json\/wp\/v2\/types\/product"}],"replies":[{"embeddable":true,"href":"https:\/\/agroflex.cz\/sl\/wp-json\/wp\/v2\/comments?post=26612"}],"wp:featuredmedia":[{"embeddable":true,"href":"https:\/\/agroflex.cz\/sl\/wp-json\/wp\/v2\/media\/11790"}],"wp:attachment":[{"href":"https:\/\/agroflex.cz\/sl\/wp-json\/wp\/v2\/media?parent=26612"}],"wp:term":[{"taxonomy":"product_brand","embeddable":true,"href":"https:\/\/agroflex.cz\/sl\/wp-json\/wp\/v2\/product_brand?post=26612"},{"taxonomy":"product_cat","embeddable":true,"href":"https:\/\/agroflex.cz\/sl\/wp-json\/wp\/v2\/product_cat?post=26612"},{"taxonomy":"product_tag","embeddable":true,"href":"https:\/\/agroflex.cz\/sl\/wp-json\/wp\/v2\/product_tag?post=26612"}],"curies":[{"name":"wp","href":"https:\/\/api.w.org\/{rel}","templated":true}]}}