{"id":27216,"date":"2023-09-04T21:00:34","date_gmt":"2023-09-04T21:00:34","guid":{"rendered":"https:\/\/agroflex.cz\/product\/koncni-trak-tipa-u-za-polikarbonat-4-6-8-10-mm\/"},"modified":"2026-04-01T11:57:27","modified_gmt":"2026-04-01T11:57:27","slug":"koncni-trak-tipa-u-za-polikarbonat-4-6-8-10-mm","status":"publish","type":"product","link":"https:\/\/agroflex.cz\/sl\/izdelek\/koncni-trak-tipa-u-za-polikarbonat-4-6-8-10-mm\/","title":{"rendered":"Kon\u010dni trak tipa U za polikarbonat &#8211; 4, 6, 8, 10 mm"},"content":{"rendered":"","protected":false},"excerpt":{"rendered":"<p>Ta zaklju\u010dni profil je primeren za dodelavo z vseh strani. Gre za trden polikarbonatni trak dol\u017eine 2100 mm. Trak je zasnovan kot U in je name\u0161\u010den na robu polikarbonatne plo\u0161\u010de 4mm, 6mm, 8mm, 10mm. Zasnovan za tesno zapiranje in robove votlih polikarbonatnih plo\u0161\u010d. Za pravilno zapiranje polikarbonatne plo\u0161\u010de je treba najprej pokriti stre\u0161no kritino s prezra\u010devalnim tesnilnim trakom in jo nato pritrditi z zaklju\u010dnim profilom. Trak prepre\u010duje prodiranje vlage v votline plo\u0161\u010de, kjer se umazanija ne usede in alge ne nastanejo. Robove ni treba zape\u010datiti\/zape\u010datiti z nevtralnim silikonom.      <\/p>\n","protected":false},"featured_media":11680,"comment_status":"open","ping_status":"closed","template":"","meta":[],"product_brand":[419],"product_cat":[491,1316,1304],"product_tag":[],"class_list":{"0":"post-27216","1":"product","2":"type-product","3":"status-publish","4":"has-post-thumbnail","6":"product_brand-agroflex","7":"product_cat-dodatki","8":"product_cat-robljenje-pc-plosc","9":"product_cat-polikarbonatne-plosce","11":"first","12":"instock","13":"taxable","14":"shipping-taxable","15":"purchasable","16":"product-type-variable","17":"has-default-attributes"},"_links":{"self":[{"href":"https:\/\/agroflex.cz\/sl\/wp-json\/wp\/v2\/product\/27216","targetHints":{"allow":["GET"]}}],"collection":[{"href":"https:\/\/agroflex.cz\/sl\/wp-json\/wp\/v2\/product"}],"about":[{"href":"https:\/\/agroflex.cz\/sl\/wp-json\/wp\/v2\/types\/product"}],"replies":[{"embeddable":true,"href":"https:\/\/agroflex.cz\/sl\/wp-json\/wp\/v2\/comments?post=27216"}],"wp:featuredmedia":[{"embeddable":true,"href":"https:\/\/agroflex.cz\/sl\/wp-json\/wp\/v2\/media\/11680"}],"wp:attachment":[{"href":"https:\/\/agroflex.cz\/sl\/wp-json\/wp\/v2\/media?parent=27216"}],"wp:term":[{"taxonomy":"product_brand","embeddable":true,"href":"https:\/\/agroflex.cz\/sl\/wp-json\/wp\/v2\/product_brand?post=27216"},{"taxonomy":"product_cat","embeddable":true,"href":"https:\/\/agroflex.cz\/sl\/wp-json\/wp\/v2\/product_cat?post=27216"},{"taxonomy":"product_tag","embeddable":true,"href":"https:\/\/agroflex.cz\/sl\/wp-json\/wp\/v2\/product_tag?post=27216"}],"curies":[{"name":"wp","href":"https:\/\/api.w.org\/{rel}","templated":true}]}}