{"id":27502,"date":"2023-09-04T21:00:35","date_gmt":"2023-09-04T21:00:35","guid":{"rendered":"https:\/\/agroflex.cz\/product\/dvignjena-postelja-xxl-plasticna-bela\/"},"modified":"2025-09-20T14:40:36","modified_gmt":"2025-09-20T14:40:36","slug":"dvignjena-postelja-xxl-plasticna-bela","status":"publish","type":"product","link":"https:\/\/agroflex.cz\/sl\/izdelek\/dvignjena-postelja-xxl-plasticna-bela\/","title":{"rendered":"Dvignjena postelja XXL plasti\u010dna (bela)"},"content":{"rendered":"<div class=\"wpb-content-wrapper\"><p>[vc_row][vc_column][vc_column_text woodmart_inline=&#8221;no&#8221; text_larger=&#8221;no&#8221;]<\/p>\n<h2 style=\"text-align: center;\">Dvignjena postelja XXL plasti\u010dna (bela)<\/h2>\n<p>Plasti\u010dne postelje so sodobna in prakti\u010dna re\u0161itev za vrtnarje vseh ravni. Te plasti\u010dne strukture ponujajo \u0161tevilne prednosti in so idealna izbira za tiste, ki \u017eelijo enostavno in u\u010dinkovito gojiti lastno zelenjavo ali zeli\u0161\u010da. <\/p>\n<p>Ena glavnih prednosti plasti\u010dnih gredic je njihova trajnost in dolgo\u017eivost. Izdelane so iz visokokakovostnega materiala, ki je odporen na vremenske razmere, gnilobo in \u0161kodljivce. To pomeni, da lahko trajajo veliko dlje kot tradicionalne lesene ali kovinske gredice  <\/p>\n<p>Pravokotna plasti\u010dna dvignjena postelja je izdelana iz plastike debeline 20 mm, ne boji se prekomerne vlage, s\u010dasoma se ne deformira. Zahvaljujo\u010d temu lahko dolgo \u010dasa prenese neugodne podnebne razmere. <\/p>\n<p>\u0160iroka<span class=\"keyword _ngcontent-pix-110\" aria-hidden=\"false\">zunanja<\/span> dvignjena gredica XXL zagotavlja za\u0161\u010dito gojene zelenjave pred grizljanjem hi\u0161nih ljubljen\u010dkov. Omogo\u010da vam gojenje \u0161iroke palete pridelkov. Posteljo lahko zlo\u017eite drug na drugega in tako dvignete.[\/vc_column_text][\/vc_column][\/vc_row]<\/p>\n<\/div>","protected":false},"excerpt":{"rendered":"<p>Vi\u0161ina ograje je 15,5 cm \/ \u0160irina: 110 cm \/ Dol\u017eina podno\u017eja: 3 m je lahko dalj\u0161a \u2013 modulacija v korakih po 1 m. Zelo stabilna konstrukcija zahvaljujo\u010d stopalom &#8211; vgrajena v tla. Monta\u017ea je zelo preprosta. Cvetli\u010dno gredico lahko prilagodite z dodatno plastjo delov.    <\/p>\n","protected":false},"featured_media":13019,"comment_status":"open","ping_status":"closed","template":"","meta":[],"product_brand":[419],"product_cat":[491,1347,1370],"product_tag":[],"class_list":{"0":"post-27502","1":"product","2":"type-product","3":"status-publish","4":"has-post-thumbnail","6":"product_brand-agroflex","7":"product_cat-dodatki","8":"product_cat-dvignjene-postelje","9":"product_cat-plasticna-korita-za-roze","11":"first","12":"instock","13":"sale","14":"taxable","15":"shipping-taxable","16":"purchasable","17":"product-type-variable"},"_links":{"self":[{"href":"https:\/\/agroflex.cz\/sl\/wp-json\/wp\/v2\/product\/27502","targetHints":{"allow":["GET"]}}],"collection":[{"href":"https:\/\/agroflex.cz\/sl\/wp-json\/wp\/v2\/product"}],"about":[{"href":"https:\/\/agroflex.cz\/sl\/wp-json\/wp\/v2\/types\/product"}],"replies":[{"embeddable":true,"href":"https:\/\/agroflex.cz\/sl\/wp-json\/wp\/v2\/comments?post=27502"}],"wp:featuredmedia":[{"embeddable":true,"href":"https:\/\/agroflex.cz\/sl\/wp-json\/wp\/v2\/media\/13019"}],"wp:attachment":[{"href":"https:\/\/agroflex.cz\/sl\/wp-json\/wp\/v2\/media?parent=27502"}],"wp:term":[{"taxonomy":"product_brand","embeddable":true,"href":"https:\/\/agroflex.cz\/sl\/wp-json\/wp\/v2\/product_brand?post=27502"},{"taxonomy":"product_cat","embeddable":true,"href":"https:\/\/agroflex.cz\/sl\/wp-json\/wp\/v2\/product_cat?post=27502"},{"taxonomy":"product_tag","embeddable":true,"href":"https:\/\/agroflex.cz\/sl\/wp-json\/wp\/v2\/product_tag?post=27502"}],"curies":[{"name":"wp","href":"https:\/\/api.w.org\/{rel}","templated":true}]}}