{"id":27571,"date":"2023-09-04T21:00:36","date_gmt":"2023-09-04T21:00:36","guid":{"rendered":"https:\/\/agroflex.cz\/product\/aero-100-avtomatski-odpirac-oken-za-rastlinjake\/"},"modified":"2025-09-20T14:40:47","modified_gmt":"2025-09-20T14:40:47","slug":"aero-100-avtomatski-odpirac-oken-za-rastlinjake","status":"publish","type":"product","link":"https:\/\/agroflex.cz\/sl\/izdelek\/aero-100-avtomatski-odpirac-oken-za-rastlinjake\/","title":{"rendered":"AERO-100 Avtomatski odpira\u010d oken za rastlinjake"},"content":{"rendered":"<div class=\"wpb-content-wrapper\"><p>[vc_row][vc_column][vc_column_text text_larger=&#8221;no&#8221;]<\/p>\n<h3 style=\"text-align: center;\"><strong>  Univerzalni samodejni odpira\u010d AERO-100<br \/>\n<\/strong><\/h3>\n<p>Avtomatski odpira\u010d za nadzor temperature: odpiranje \/ zapiranje levih in desnih vrat, oken, vrtnih in industrijskih rastlinjakov.<\/p>\n<p>Pogoji delovanja: pri temperaturah od -20 do + 60 \u00b0 C, vla\u017enost do 98%, obremenitev (te\u017ea konstrukcije in veter) na zlo\u017eljivi palici 100 + 20 kg.<\/p>\n<p><strong>Visoko zanesljivost zagotavljajo:<\/strong><\/p>\n<ul>\n<li>Jekleno ohi\u0161je s toplotnim pogonom;<\/li>\n<li>debelo zlo\u017eljivo steblo; jekleni te\u010daji (krogli\u010dni le\u017eaji);<\/li>\n<li>mehanska povratna vzmet;<\/li>\n<li>Jekleni univerzalni dr\u017eali.<\/li>\n<\/ul>\n<p>Stroj se ob\u010dutljivo odziva na temperaturne spremembe in vam omogo\u010da delo v neugodnih vremenskih razmerah, ima dolgo \u017eivljenjsko dobo &#8211; do 10 let. Enostavnost namestitve je zagotovljena z zasnovo izdelka, zanesljivimi univerzalnimi nosilci, ki omogo\u010dajo namestitev izdelka na vse vrste vrat, okenskih kril in pre\u010dk. <\/p>\n<p>Visoka odzivna hitrost pri spremembi temperature je zagotovljena z novim receptom termo-gelskega polnilnega valja. \u010crna barva telesa jeklenke zagotavlja pove\u010dan prenos toplote iz okolja v gel jeklenke in nazaj. Te agregacijske zna\u010dilnosti zagotavljajo hitro in nemoteno gibanje zalog. Omogo\u010da vam prisilno odpiranje vrat pri temperaturi + 50 \u00b0 C in ve\u010d.   <\/p>\n<table>\n<tbody>\n<tr>\n<td style=\"width: 224px;\"><\/td>\n<\/tr>\n<\/tbody>\n<\/table>\n<p><a href=\"https:\/\/agroflex.cz\/wp-content\/uploads\/2020\/04\/Mont%C3%A1%C5%BEn%C3%AD-n%C3%A1vod-%E2%80%93-AERO-100_CZ1.pdf\" target=\"_blank\" rel=\"noopener\">Navodila za namestitev &#8211; AERO-100_CZ<\/a><br \/>\n<a href=\"https:\/\/agroflex.cz\/wp-content\/uploads\/2019\/06\/Navod-Otevirac-Aero-100-EN.pdf\">Navodila za namestitev &#8211; AERO-100_EN<\/a>[\/vc_column_text][\/vc_column][\/vc_row][vc_row][vc_column][vc_column_text text_larger=&#8221;no&#8221;]<\/p>\n<h3 style=\"text-align: center;\"><strong>Specifikacija:<\/strong><\/h3>\n<table>\n<tbody>\n<tr style=\"height: 31px;\">\n<td style=\"width: 448.3px; height: 31px;\">Te\u017ea monta\u017ee<\/td>\n<td style=\"width: 147.2px; height: 31px; text-align: left;\">0,75 kg<\/td>\n<\/tr>\n<tr style=\"height: 30px;\">\n<td style=\"width: 448.3px; height: 18px;\">Jekleni cilindri\u010dni toplotni pogon:<\/p>\n<p>&#8211;<span style=\"font-size: 10pt;\"> dol\u017eina;<\/span><\/p>\n<p>-premer.<\/td>\n<td style=\"width: 147.2px; height: 18px; text-align: left;\">\n<p>350 mm;<\/p>\n<p>22 mm.<\/td>\n<\/tr>\n<tr style=\"height: 35px;\">\n<td style=\"width: 448.3px; height: 35px;\">\u010cas raztezka palice, ko se temperatura jeklenke spremeni z 20 na 35 \u00b0C<\/td>\n<td style=\"width: 147.2px; height: 35px; text-align: left;\">do 40 min<\/td>\n<\/tr>\n<tr style=\"height: 32px;\">\n<td style=\"width: 448.3px; height: 32px;\">\u010cas vstavljanja palice, ko se temperatura jeklenke spremeni s 35 na 16 \u00b0C<\/td>\n<td style=\"width: 147.2px; height: 32px; text-align: left;\">do 40 min<\/td>\n<\/tr>\n<tr style=\"height: 24px;\">\n<td style=\"width: 448.3px; height: 24px;\">Navijalna vzmet, jeklena, pocinkana<\/td>\n<td style=\"width: 147.2px; height: 24px; text-align: left;\">Mo\u010d od 4 do 10 kg.<\/td>\n<\/tr>\n<\/tbody>\n<\/table>\n<p>&nbsp;<\/p>\n<p>[\/vc_column_text][\/vc_column][\/vc_row]<\/p>\n<\/div>","protected":false},"excerpt":{"rendered":"<p>Avtomatski univerzalni odpira\u010d, namenjen za nadzor temperature &#8211; odpiranje \/ zapiranje pokrovov vrat, strehe in stranskih oken za vrtne in industrijske rastlinjake. Pogoji delovanja pri temperaturah od -20 do + 60 \u00b0 C, vla\u017enost do 98%. Jekleno ohi\u0161je toplotnega pogona. Jeklena univerzalna dr\u017eala   <\/p>\n","protected":false},"featured_media":32408,"comment_status":"open","ping_status":"closed","template":"","meta":[],"product_brand":[419],"product_cat":[491,1340],"product_tag":[],"class_list":{"0":"post-27571","1":"product","2":"type-product","3":"status-publish","4":"has-post-thumbnail","6":"product_brand-agroflex","7":"product_cat-dodatki","8":"product_cat-prezracevalna-okna","10":"first","11":"instock","12":"sale","13":"taxable","14":"shipping-taxable","15":"purchasable","16":"product-type-simple"},"_links":{"self":[{"href":"https:\/\/agroflex.cz\/sl\/wp-json\/wp\/v2\/product\/27571","targetHints":{"allow":["GET"]}}],"collection":[{"href":"https:\/\/agroflex.cz\/sl\/wp-json\/wp\/v2\/product"}],"about":[{"href":"https:\/\/agroflex.cz\/sl\/wp-json\/wp\/v2\/types\/product"}],"replies":[{"embeddable":true,"href":"https:\/\/agroflex.cz\/sl\/wp-json\/wp\/v2\/comments?post=27571"}],"wp:featuredmedia":[{"embeddable":true,"href":"https:\/\/agroflex.cz\/sl\/wp-json\/wp\/v2\/media\/32408"}],"wp:attachment":[{"href":"https:\/\/agroflex.cz\/sl\/wp-json\/wp\/v2\/media?parent=27571"}],"wp:term":[{"taxonomy":"product_brand","embeddable":true,"href":"https:\/\/agroflex.cz\/sl\/wp-json\/wp\/v2\/product_brand?post=27571"},{"taxonomy":"product_cat","embeddable":true,"href":"https:\/\/agroflex.cz\/sl\/wp-json\/wp\/v2\/product_cat?post=27571"},{"taxonomy":"product_tag","embeddable":true,"href":"https:\/\/agroflex.cz\/sl\/wp-json\/wp\/v2\/product_tag?post=27571"}],"curies":[{"name":"wp","href":"https:\/\/api.w.org\/{rel}","templated":true}]}}