{"id":27825,"date":"2023-09-04T21:00:36","date_gmt":"2023-09-04T21:00:36","guid":{"rendered":"https:\/\/agroflex.cz\/product\/prezracevalno-okno-premium\/"},"modified":"2023-09-04T21:00:36","modified_gmt":"2023-09-04T21:00:36","slug":"prezracevalno-okno-premium","status":"publish","type":"product","link":"https:\/\/agroflex.cz\/sl\/izdelek\/prezracevalno-okno-premium\/","title":{"rendered":"Prezra\u010devalno okno &#8211; PREMIUM"},"content":{"rendered":"<p>&nbsp;<\/p>\n<p>&nbsp;<\/p>\n<p>&nbsp;<\/p>\n","protected":false},"excerpt":{"rendered":"<p>Stre\u0161no prezra\u010devalno okno se uporablja za uravnavanje notranje temperature v rastlinjaku. Je originalni ekspanzijski izdelek za trpe\u017eni polikarbonatni obokani vrtni toplogredni plin Premium. Okenski okvir je izdelan iz pocinkanega jekla, kot tudi celoten rastlinjak. Prezra\u010devalno okno je popolnoma zdru\u017eljivo z avtomatskim odpira\u010dem Aero-100, Thermovent, Univent, Megavent, ki ga lahko naro\u010dite s tem oknom. Paket vsebuje vse potrebne monta\u017ene komponente.    <\/p>\n","protected":false},"featured_media":0,"comment_status":"open","ping_status":"closed","template":"","meta":[],"product_brand":[419],"product_cat":[491,1340],"product_tag":[],"class_list":{"0":"post-27825","1":"product","2":"type-product","3":"status-publish","5":"product_brand-agroflex","6":"product_cat-dodatki","7":"product_cat-prezracevalna-okna","9":"first","10":"instock","11":"taxable","12":"shipping-taxable","13":"purchasable","14":"product-type-simple"},"_links":{"self":[{"href":"https:\/\/agroflex.cz\/sl\/wp-json\/wp\/v2\/product\/27825","targetHints":{"allow":["GET"]}}],"collection":[{"href":"https:\/\/agroflex.cz\/sl\/wp-json\/wp\/v2\/product"}],"about":[{"href":"https:\/\/agroflex.cz\/sl\/wp-json\/wp\/v2\/types\/product"}],"replies":[{"embeddable":true,"href":"https:\/\/agroflex.cz\/sl\/wp-json\/wp\/v2\/comments?post=27825"}],"wp:attachment":[{"href":"https:\/\/agroflex.cz\/sl\/wp-json\/wp\/v2\/media?parent=27825"}],"wp:term":[{"taxonomy":"product_brand","embeddable":true,"href":"https:\/\/agroflex.cz\/sl\/wp-json\/wp\/v2\/product_brand?post=27825"},{"taxonomy":"product_cat","embeddable":true,"href":"https:\/\/agroflex.cz\/sl\/wp-json\/wp\/v2\/product_cat?post=27825"},{"taxonomy":"product_tag","embeddable":true,"href":"https:\/\/agroflex.cz\/sl\/wp-json\/wp\/v2\/product_tag?post=27825"}],"curies":[{"name":"wp","href":"https:\/\/api.w.org\/{rel}","templated":true}]}}