{"id":28373,"date":"2023-09-04T21:00:38","date_gmt":"2023-09-04T21:00:38","guid":{"rendered":"https:\/\/agroflex.cz\/product\/povezovalna-trak-h-polikarbonat-4mm-6mm\/"},"modified":"2023-09-04T21:00:38","modified_gmt":"2023-09-04T21:00:38","slug":"povezovalna-trak-h-polikarbonat-4mm-6mm","status":"publish","type":"product","link":"https:\/\/agroflex.cz\/sl\/izdelek\/povezovalna-trak-h-polikarbonat-4mm-6mm\/","title":{"rendered":"Povezovalna trak H polikarbonat 4mm, 6mm"},"content":{"rendered":"","protected":false},"excerpt":{"rendered":"<p>Originalni polikarbonatni povezovalni profil tipa H, namenjen povezovanju votlih polikarbonatnih plo\u0161\u010d. Za ve\u010dje stre\u0161ne kritine, npr. pergole, parkirna mesta, rastlinjaki iz prozornega polikarbonata.  <\/p>\n","protected":false},"featured_media":11790,"comment_status":"open","ping_status":"closed","template":"","meta":[],"product_brand":[419],"product_cat":[1304,491,1316,1322],"product_tag":[],"class_list":{"0":"post-28373","1":"product","2":"type-product","3":"status-publish","4":"has-post-thumbnail","6":"product_brand-agroflex","7":"product_cat-polikarbonatne-plosce","8":"product_cat-dodatki","9":"product_cat-robljenje-pc-plosc","10":"product_cat-montazni-elementi","12":"first","13":"instock","14":"sale","15":"taxable","16":"shipping-taxable","17":"purchasable","18":"product-type-variable"},"_links":{"self":[{"href":"https:\/\/agroflex.cz\/sl\/wp-json\/wp\/v2\/product\/28373","targetHints":{"allow":["GET"]}}],"collection":[{"href":"https:\/\/agroflex.cz\/sl\/wp-json\/wp\/v2\/product"}],"about":[{"href":"https:\/\/agroflex.cz\/sl\/wp-json\/wp\/v2\/types\/product"}],"replies":[{"embeddable":true,"href":"https:\/\/agroflex.cz\/sl\/wp-json\/wp\/v2\/comments?post=28373"}],"wp:featuredmedia":[{"embeddable":true,"href":"https:\/\/agroflex.cz\/sl\/wp-json\/wp\/v2\/media\/11790"}],"wp:attachment":[{"href":"https:\/\/agroflex.cz\/sl\/wp-json\/wp\/v2\/media?parent=28373"}],"wp:term":[{"taxonomy":"product_brand","embeddable":true,"href":"https:\/\/agroflex.cz\/sl\/wp-json\/wp\/v2\/product_brand?post=28373"},{"taxonomy":"product_cat","embeddable":true,"href":"https:\/\/agroflex.cz\/sl\/wp-json\/wp\/v2\/product_cat?post=28373"},{"taxonomy":"product_tag","embeddable":true,"href":"https:\/\/agroflex.cz\/sl\/wp-json\/wp\/v2\/product_tag?post=28373"}],"curies":[{"name":"wp","href":"https:\/\/api.w.org\/{rel}","templated":true}]}}