{"id":28378,"date":"2023-09-04T21:00:38","date_gmt":"2023-09-04T21:00:38","guid":{"rendered":"https:\/\/agroflex.cz\/product\/samorezni-vijak-za-plocevino-55-x-25-mm-sesterokotna-glava-pocinkana-podlozka-in-tesnilna-guma\/"},"modified":"2023-09-04T21:00:38","modified_gmt":"2023-09-04T21:00:38","slug":"samorezni-vijak-za-plocevino-55-x-25-mm-sesterokotna-glava-pocinkana-podlozka-in-tesnilna-guma","status":"publish","type":"product","link":"https:\/\/agroflex.cz\/sl\/izdelek\/samorezni-vijak-za-plocevino-55-x-25-mm-sesterokotna-glava-pocinkana-podlozka-in-tesnilna-guma\/","title":{"rendered":"Samorezni vijak za plo\u010devino &#8211; 5,5 x 25 mm &#8211; \u0161esterokotna glava &#8211; pocinkana &#8211; podlo\u017eka in tesnilna guma"},"content":{"rendered":"","protected":false},"excerpt":{"rendered":"<p>Stre\u0161ni vijak za \u017eelezo<\/p>\n<p>Visokokakovosten vijak dimenzij 5,5 x 25 mm &#8211; \u0161esterokotna glava s podlo\u017eko in tesnilno gumo, pocinkana. Vijak je opremljen z vrtalno konico za kovino, sposobnost vrtanja je 2 &#8211; 4 mm debeline materiala. Najmanj\u0161a debelina podlage: 1 mm. Zasnovan za pritrditev na trapezne \/ plo\u010devinaste strehe, prozorne stre\u0161ne kritine v jeklenih konstrukcijah. Poraba min. 11 kom\/m2<br \/>\nEno pakiranje vsebuje 20 kom    <\/p>\n","protected":false},"featured_media":11827,"comment_status":"open","ping_status":"closed","template":"","meta":[],"product_brand":[419],"product_cat":[491,1322,1304],"product_tag":[],"class_list":{"0":"post-28378","1":"product","2":"type-product","3":"status-publish","4":"has-post-thumbnail","6":"product_brand-agroflex","7":"product_cat-dodatki","8":"product_cat-montazni-elementi","9":"product_cat-polikarbonatne-plosce","11":"first","12":"instock","13":"taxable","14":"shipping-taxable","15":"purchasable","16":"product-type-simple"},"_links":{"self":[{"href":"https:\/\/agroflex.cz\/sl\/wp-json\/wp\/v2\/product\/28378","targetHints":{"allow":["GET"]}}],"collection":[{"href":"https:\/\/agroflex.cz\/sl\/wp-json\/wp\/v2\/product"}],"about":[{"href":"https:\/\/agroflex.cz\/sl\/wp-json\/wp\/v2\/types\/product"}],"replies":[{"embeddable":true,"href":"https:\/\/agroflex.cz\/sl\/wp-json\/wp\/v2\/comments?post=28378"}],"wp:featuredmedia":[{"embeddable":true,"href":"https:\/\/agroflex.cz\/sl\/wp-json\/wp\/v2\/media\/11827"}],"wp:attachment":[{"href":"https:\/\/agroflex.cz\/sl\/wp-json\/wp\/v2\/media?parent=28378"}],"wp:term":[{"taxonomy":"product_brand","embeddable":true,"href":"https:\/\/agroflex.cz\/sl\/wp-json\/wp\/v2\/product_brand?post=28378"},{"taxonomy":"product_cat","embeddable":true,"href":"https:\/\/agroflex.cz\/sl\/wp-json\/wp\/v2\/product_cat?post=28378"},{"taxonomy":"product_tag","embeddable":true,"href":"https:\/\/agroflex.cz\/sl\/wp-json\/wp\/v2\/product_tag?post=28378"}],"curies":[{"name":"wp","href":"https:\/\/api.w.org\/{rel}","templated":true}]}}