{"id":29007,"date":"2023-09-04T21:00:41","date_gmt":"2023-09-04T21:00:41","guid":{"rendered":"https:\/\/agroflex.cz\/product\/komplet-za-sidro-za-beton-jekleno-sidro-z-vijakom\/"},"modified":"2023-09-04T21:00:41","modified_gmt":"2023-09-04T21:00:41","slug":"komplet-za-sidro-za-beton-jekleno-sidro-z-vijakom","status":"publish","type":"product","link":"https:\/\/agroflex.cz\/sl\/izdelek\/komplet-za-sidro-za-beton-jekleno-sidro-z-vijakom\/","title":{"rendered":"Komplet za sidro za beton &#8211; jekleno sidro z vijakom"},"content":{"rendered":"","protected":false},"excerpt":{"rendered":"<p>Cevasto jekleno sidro<\/p>\n<p>Prehodno sidro z vijakom za konstrukcijsko monta\u017eo v stisnjeno obmo\u010dje betona &#8211; to je univerzalno ekspanzijsko mehansko sidro. Optimalna oblika zmanj\u0161uje energijo, potrebno za vgradnjo, in tako omogo\u010da uporabo tudi v omejenih prostorih. To zagotavlja uporabniku prijazno namestitev. Za sidranje jeklenih konstrukcij, strojev, nosilnih profilov, regalov, kabelskih polic.   <\/p>\n<p>Premer: 10 mm<\/p>\n<p>Dol\u017eina: 80 mm<\/p>\n<p>Material: Jeklo<\/p>\n<p>\u017doga &#8211; 4 kom<\/p>\n","protected":false},"featured_media":12391,"comment_status":"open","ping_status":"closed","template":"","meta":[],"product_brand":[419],"product_cat":[491,1322,1310],"product_tag":[],"class_list":{"0":"post-29007","1":"product","2":"type-product","3":"status-publish","4":"has-post-thumbnail","6":"product_brand-agroflex","7":"product_cat-dodatki","8":"product_cat-montazni-elementi","9":"product_cat-sidranje-rastlinjaka","11":"first","12":"instock","13":"taxable","14":"shipping-taxable","15":"purchasable","16":"product-type-simple"},"_links":{"self":[{"href":"https:\/\/agroflex.cz\/sl\/wp-json\/wp\/v2\/product\/29007","targetHints":{"allow":["GET"]}}],"collection":[{"href":"https:\/\/agroflex.cz\/sl\/wp-json\/wp\/v2\/product"}],"about":[{"href":"https:\/\/agroflex.cz\/sl\/wp-json\/wp\/v2\/types\/product"}],"replies":[{"embeddable":true,"href":"https:\/\/agroflex.cz\/sl\/wp-json\/wp\/v2\/comments?post=29007"}],"wp:featuredmedia":[{"embeddable":true,"href":"https:\/\/agroflex.cz\/sl\/wp-json\/wp\/v2\/media\/12391"}],"wp:attachment":[{"href":"https:\/\/agroflex.cz\/sl\/wp-json\/wp\/v2\/media?parent=29007"}],"wp:term":[{"taxonomy":"product_brand","embeddable":true,"href":"https:\/\/agroflex.cz\/sl\/wp-json\/wp\/v2\/product_brand?post=29007"},{"taxonomy":"product_cat","embeddable":true,"href":"https:\/\/agroflex.cz\/sl\/wp-json\/wp\/v2\/product_cat?post=29007"},{"taxonomy":"product_tag","embeddable":true,"href":"https:\/\/agroflex.cz\/sl\/wp-json\/wp\/v2\/product_tag?post=29007"}],"curies":[{"name":"wp","href":"https:\/\/api.w.org\/{rel}","templated":true}]}}