{"id":29013,"date":"2023-09-04T21:00:40","date_gmt":"2023-09-04T21:00:40","guid":{"rendered":"https:\/\/agroflex.cz\/product\/kvadratni-jekleni-prikljucek-kriz-jeklo-nerjavece\/"},"modified":"2023-09-04T21:00:40","modified_gmt":"2023-09-04T21:00:40","slug":"kvadratni-jekleni-prikljucek-kriz-jeklo-nerjavece","status":"publish","type":"product","link":"https:\/\/agroflex.cz\/sl\/izdelek\/kvadratni-jekleni-prikljucek-kriz-jeklo-nerjavece\/","title":{"rendered":"Kvadratni jekleni priklju\u010dek, &#8220;kri\u017e&#8221;, jeklo &#8211; nerjave\u010de"},"content":{"rendered":"","protected":false},"excerpt":{"rendered":"<p>Kvadratni priklju\u010dki se uporabljajo za povezavo ve\u010d profilov. Spojke se preprosto potisnejo v profile in zanesljivo dr\u017eijo. Idealna re\u0161itev za sestavljanje okvirja ali preproste konstrukcije. Spojka, naravnost na jeklo 20 x 20 ali 40 x 20 mm, jeklo &#8211; nerjave\u010de jeklo  <\/p>\n<p>Cena je za en par &#8211; brez vijakov.<\/p>\n","protected":false},"featured_media":0,"comment_status":"open","ping_status":"closed","template":"","meta":[],"product_brand":[419],"product_cat":[491,1322],"product_tag":[],"class_list":{"0":"post-29013","1":"product","2":"type-product","3":"status-publish","5":"product_brand-agroflex","6":"product_cat-dodatki","7":"product_cat-montazni-elementi","9":"first","10":"instock","11":"sale","12":"taxable","13":"shipping-taxable","14":"purchasable","15":"product-type-simple"},"_links":{"self":[{"href":"https:\/\/agroflex.cz\/sl\/wp-json\/wp\/v2\/product\/29013","targetHints":{"allow":["GET"]}}],"collection":[{"href":"https:\/\/agroflex.cz\/sl\/wp-json\/wp\/v2\/product"}],"about":[{"href":"https:\/\/agroflex.cz\/sl\/wp-json\/wp\/v2\/types\/product"}],"replies":[{"embeddable":true,"href":"https:\/\/agroflex.cz\/sl\/wp-json\/wp\/v2\/comments?post=29013"}],"wp:attachment":[{"href":"https:\/\/agroflex.cz\/sl\/wp-json\/wp\/v2\/media?parent=29013"}],"wp:term":[{"taxonomy":"product_brand","embeddable":true,"href":"https:\/\/agroflex.cz\/sl\/wp-json\/wp\/v2\/product_brand?post=29013"},{"taxonomy":"product_cat","embeddable":true,"href":"https:\/\/agroflex.cz\/sl\/wp-json\/wp\/v2\/product_cat?post=29013"},{"taxonomy":"product_tag","embeddable":true,"href":"https:\/\/agroflex.cz\/sl\/wp-json\/wp\/v2\/product_tag?post=29013"}],"curies":[{"name":"wp","href":"https:\/\/api.w.org\/{rel}","templated":true}]}}