{"id":29227,"date":"2023-09-04T21:00:52","date_gmt":"2023-09-04T21:00:52","guid":{"rendered":"https:\/\/agroflex.cz\/product\/sotto-xl-4-x-37m-nadstresek\/"},"modified":"2023-09-04T21:00:52","modified_gmt":"2023-09-04T21:00:52","slug":"sotto-xl-4-x-37m-nadstresek","status":"publish","type":"product","link":"https:\/\/agroflex.cz\/sl\/izdelek\/sotto-xl-4-x-37m-nadstresek\/","title":{"rendered":"SOTTO XL 4 x 3,7m &#8211; nadstre\u0161ek"},"content":{"rendered":"","protected":false},"excerpt":{"rendered":"<p>\u0160irina 372 cm, vi\u0161ina 297 cm, dol\u017eina 400 cm, vi\u0161ina. Visokokakovosten, robusten kovinski okvir lahko prenese neugodne vremenske razmere. Jekleni nadstre\u0161ek \u0161\u010diti va\u0161 avto pred vremenskimi nevarnostmi., in tudi, kar je najpomembneje, \u0161\u010diti barvo va\u0161ega avtomobila pred son\u010dnim UV sevanjem.<\/p>\n","protected":false},"featured_media":12679,"comment_status":"open","ping_status":"closed","template":"","meta":[],"product_brand":[419],"product_cat":[1346],"product_tag":[],"class_list":{"0":"post-29227","1":"product","2":"type-product","3":"status-publish","4":"has-post-thumbnail","6":"product_brand-agroflex","7":"product_cat-nadstreski-za-avtomobile","9":"first","10":"onbackorder","11":"taxable","12":"shipping-taxable","13":"purchasable","14":"product-type-simple"},"_links":{"self":[{"href":"https:\/\/agroflex.cz\/sl\/wp-json\/wp\/v2\/product\/29227","targetHints":{"allow":["GET"]}}],"collection":[{"href":"https:\/\/agroflex.cz\/sl\/wp-json\/wp\/v2\/product"}],"about":[{"href":"https:\/\/agroflex.cz\/sl\/wp-json\/wp\/v2\/types\/product"}],"replies":[{"embeddable":true,"href":"https:\/\/agroflex.cz\/sl\/wp-json\/wp\/v2\/comments?post=29227"}],"wp:featuredmedia":[{"embeddable":true,"href":"https:\/\/agroflex.cz\/sl\/wp-json\/wp\/v2\/media\/12679"}],"wp:attachment":[{"href":"https:\/\/agroflex.cz\/sl\/wp-json\/wp\/v2\/media?parent=29227"}],"wp:term":[{"taxonomy":"product_brand","embeddable":true,"href":"https:\/\/agroflex.cz\/sl\/wp-json\/wp\/v2\/product_brand?post=29227"},{"taxonomy":"product_cat","embeddable":true,"href":"https:\/\/agroflex.cz\/sl\/wp-json\/wp\/v2\/product_cat?post=29227"},{"taxonomy":"product_tag","embeddable":true,"href":"https:\/\/agroflex.cz\/sl\/wp-json\/wp\/v2\/product_tag?post=29227"}],"curies":[{"name":"wp","href":"https:\/\/api.w.org\/{rel}","templated":true}]}}