{"id":29324,"date":"2023-09-04T21:00:52","date_gmt":"2023-09-04T21:00:52","guid":{"rendered":"https:\/\/agroflex.cz\/product\/grande-8-vrtni-nadstresek-za-avtomobile\/"},"modified":"2025-09-20T14:43:05","modified_gmt":"2025-09-20T14:43:05","slug":"grande-8-vrtni-nadstresek-za-avtomobile","status":"publish","type":"product","link":"https:\/\/agroflex.cz\/sl\/izdelek\/grande-8-vrtni-nadstresek-za-avtomobile\/","title":{"rendered":"GRANDE 8 Vrtni nadstre\u0161ek za avtomobile"},"content":{"rendered":"<div class=\"wpb-content-wrapper\"><p>[vc_row][vc_column][vc_column_text css=&#8221;&#8221; woodmart_inline=&#8221;no&#8221; text_larger=&#8221;no&#8221;]<\/p>\n<h2 class=\"product_title entry-title\" style=\"text-align: center;\">GRANDE 8 &#8211; Vrtno jekleno zaveti\u0161\u010de<\/h2>\n<p><strong>Specifikacija:<\/strong><\/p>\n<p>Dol\u017eina 800 cm (dalj\u0161e \u2013 modulacija v korakih po 2 m)<br \/>\n\u0160irina 340 cm<br \/>\n\u0160irina (neto) 300 cm<br \/>\nVi\u0161ina 288 cm<br \/>\nVi\u0161ina (neto) 267 cm<br \/>\nVi\u0161ina (stran) 230 cm<br \/>\nMaterial zasteklitve: celi\u010dni polikarbonat 6mm z UV za\u0161\u010dito<br \/>\nBarva polikarbonata: rjava ali rumena<br \/>\nGradbeni material: iz jekla s pra\u0161no premazom<br \/>\nSteber &#8211; jeklo 60 x 60 mm,  Debelina kovine 2mm<br \/>\nStre\u0161ni loki &#8211; jeklo 25 x 25 mm, debelina kovine 2mm<br \/>\nDovoljena obremenitev do 2000 kg<br \/>\nPritrditev je zagotovljena z mo\u010dnimi sidrnimi nogami, ki prepre\u010dujejo prevrnitev pod vplivom mo\u010dnih sunkov vetra.<\/p>\n<p>Namestitev zaveti\u0161\u010da mora biti izvedena na ravni armirani podlagi (po mo\u017enosti beton, plo\u0161\u010dice itd.).[\/vc_column_text][\/vc_column][\/vc_row]<\/p>\n<\/div>","protected":false},"excerpt":{"rendered":"<p>\u0160irina 340 cm, vi\u0161ina 288 cm, dol\u017eina 800 cm, vi\u0161ina (stran) 230 cm. Visokokakovosten, robusten okvir lahko prenese neugodne vremenske razmere. Gara\u017eni nadstre\u0161ek \u0161\u010diti va\u0161 avto pred vremenskimi nevarnostmi., in tudi, kar je najpomembneje, bo za\u0161\u010ditil barvo va\u0161ega avtomobila pred son\u010dnim UV sevanjem. \u010ce nimate velikega vrta, lahko gara\u017eni nadstre\u0161ek uporabite na drug na\u010din &#8211; kot zaveti\u0161\u010de za sedenje, nadstre\u0161ek, zaveti\u0161\u010de za kolesa, smetnjak, \u010dakalnico za avtobus itd.<\/p>\n","protected":false},"featured_media":11752,"comment_status":"open","ping_status":"closed","template":"","meta":[],"product_brand":[419],"product_cat":[1346],"product_tag":[],"class_list":{"0":"post-29324","1":"product","2":"type-product","3":"status-publish","4":"has-post-thumbnail","6":"product_brand-agroflex","7":"product_cat-nadstreski-za-avtomobile","9":"first","10":"onbackorder","11":"taxable","12":"shipping-taxable","13":"purchasable","14":"product-type-simple"},"_links":{"self":[{"href":"https:\/\/agroflex.cz\/sl\/wp-json\/wp\/v2\/product\/29324","targetHints":{"allow":["GET"]}}],"collection":[{"href":"https:\/\/agroflex.cz\/sl\/wp-json\/wp\/v2\/product"}],"about":[{"href":"https:\/\/agroflex.cz\/sl\/wp-json\/wp\/v2\/types\/product"}],"replies":[{"embeddable":true,"href":"https:\/\/agroflex.cz\/sl\/wp-json\/wp\/v2\/comments?post=29324"}],"wp:featuredmedia":[{"embeddable":true,"href":"https:\/\/agroflex.cz\/sl\/wp-json\/wp\/v2\/media\/11752"}],"wp:attachment":[{"href":"https:\/\/agroflex.cz\/sl\/wp-json\/wp\/v2\/media?parent=29324"}],"wp:term":[{"taxonomy":"product_brand","embeddable":true,"href":"https:\/\/agroflex.cz\/sl\/wp-json\/wp\/v2\/product_brand?post=29324"},{"taxonomy":"product_cat","embeddable":true,"href":"https:\/\/agroflex.cz\/sl\/wp-json\/wp\/v2\/product_cat?post=29324"},{"taxonomy":"product_tag","embeddable":true,"href":"https:\/\/agroflex.cz\/sl\/wp-json\/wp\/v2\/product_tag?post=29324"}],"curies":[{"name":"wp","href":"https:\/\/api.w.org\/{rel}","templated":true}]}}