{"id":29470,"date":"2023-09-04T21:00:54","date_gmt":"2023-09-04T21:00:54","guid":{"rendered":"https:\/\/agroflex.cz\/product\/polikarbonatni-vrtni-rastlinjak-mini\/"},"modified":"2026-02-02T00:54:25","modified_gmt":"2026-02-02T00:54:25","slug":"polikarbonatni-vrtni-rastlinjak-mini","status":"publish","type":"product","link":"https:\/\/agroflex.cz\/sl\/izdelek\/polikarbonatni-vrtni-rastlinjak-mini\/","title":{"rendered":"Polikarbonatni vrtni rastlinjak MINI"},"content":{"rendered":"<div class=\"wpb-content-wrapper\"><p>[vc_row][vc_column][vc_separator style=&#8221;shadow&#8221; border_width=&#8221;5&#8243;][vc_column_text text_larger=&#8221;no&#8221;]<\/p>\n<h2 style=\"text-align: center;\"><strong>Vrtni polikarbonatni rastlinjak MINI<br \/>\n<\/strong><\/h2>\n<p>Vrtni obokani majhen rastlinjak Agroflex MINI iz polikarbonata. Trdni ro\u010dno izdelani varjeni loki in predelne stene so pocinkani na zunanji in notranji strani jekla, obdelani s cinkovim razpr\u0161ilom na mestu varjenja (za\u0161\u010dita pred korozijo). Rastlinjak iz jekla. Loki so odporni na veter, mo\u010dno obremenitev rastlinjaka v zimskem obdobju med mo\u010dnim sne\u017eenjem. Konstrukcija z obremenitvijo do 80 kg iz visokokakovostnega jekla 20\u00d720 debeline 1 mm. Fronte rastlinjakov so varjene z vrati in prezra\u010devalnimi luknjami, ki so \u017ee vstavljene med proizvodnjo.[\/vc_column_text][vc_separator][vc_column_text text_larger=&#8221;no&#8221;]<\/p>\n<div class=\"wpb_text_column wpb_content_element\">\n<div class=\"wpb_wrapper\">\n<div class=\"vc_row wpb_row vc_row-fluid\">\n<div class=\"wpb_column vc_column_container vc_col-sm-12\">\n<div class=\"vc_column-inner\">\n<div class=\"wpb_wrapper\">\n<div class=\"wpb_text_column wpb_content_element\">\n<div class=\"wpb_wrapper\">\n<h3 style=\"text-align: center;\">Polikarbonatna zasteklitev<\/h3>\n<p>Poseben certificirani votli polikarbonat za rastlinjake z UV filtrom. Prednost tega izdelka je visoka toplotna izolacija proti steklu. Odporen na mehanske po\u0161kodbe, vremenske vplive in to\u010do. Izjemna prosojnost polikarbonata (\u010distost \u2013 do 86%).    Polikarbonat je dobavljen v zvitku in je pritrjen na konstrukcijo s samoreznimi vijaki.<\/p>\n<\/div>\n<\/div>\n<\/div>\n<\/div>\n<\/div>\n<\/div>\n<\/div>\n<\/div>\n<p>[\/vc_column_text][\/vc_column][\/vc_row][vc_row][vc_column width=&#8221;1\/2&#8243;][vc_separator style=&#8221;shadow&#8221; border_width=&#8221;5&#8243;][vc_text_separator title=&#8221;Priporo\u010dena dodatna oprema:&#8221; title_align=&#8221;separator_align_left&#8221; align=&#8221;align_left&#8221; style=&#8221;dotted&#8221;]<div class=\"widget_products \"><div class=\"widget woocommerce widget_products\"><ul class=\"product_list_widget\"><li>\n\t\t<span class=\"widget-product-wrap\">\n\t\t<a href=\"https:\/\/agroflex.cz\/sl\/izdelek\/paroprepustni-prezracevalni-trak-antidust-3500\/\" title=\"Paroprepustni prezra\u010devalni trak AntiDust 3500\" class=\"widget-product-img\">\n\t\t\t<img decoding=\"async\" width=\"300\" height=\"300\" src=\"https:\/\/agroflex.cz\/wp-content\/uploads\/2023\/09\/Ventilacni-paska-Antidust-300x300.jpg\" class=\"attachment-woocommerce_thumbnail size-woocommerce_thumbnail\" alt=\"\" srcset=\"https:\/\/agroflex.cz\/wp-content\/uploads\/2023\/09\/Ventilacni-paska-Antidust-300x300.jpg 300w, https:\/\/agroflex.cz\/wp-content\/uploads\/2023\/09\/Ventilacni-paska-Antidust-150x150.jpg 150w\" sizes=\"(max-width: 300px) 100vw, 300px\" \/>\t\t<\/a>\n\t\t<span class=\"widget-product-info\">\n\t\t\t<a href=\"https:\/\/agroflex.cz\/sl\/izdelek\/paroprepustni-prezracevalni-trak-antidust-3500\/\" title=\"Paroprepustni prezra\u010devalni trak AntiDust 3500\" class=\"wd-entities-title\">\n\t\t\t\tParoprepustni prezra\u010devalni trak AntiDust 3500\t\t\t<\/a>\n\t\t\t\t\t\t\t<div class=\"star-rating\" role=\"img\" aria-label=\"Ocenjeno 5.00 od 5\"><span style=\"width:100%\">Ocenjeno <strong class=\"rating\">5.00<\/strong> od 5<\/span><\/div>\t\t\t\t\t\t<span class=\"price\"><span class=\"woocommerce-Price-amount amount\"><bdi>789<span class=\"woocommerce-Price-currencySymbol\">&#75;&#269;<\/span><\/bdi><\/span><\/span>\n\t\t<\/span>\n\t<\/span>\n\t<\/li>\n<\/ul><\/div><\/div>[vc_separator style=&#8221;shadow&#8221; border_width=&#8221;5&#8243;][vc_column_text woodmart_inline=&#8221;no&#8221; text_larger=&#8221;no&#8221;]<\/p>\n<h4 style=\"text-align: center;\"><span style=\"color: #000000;\"><strong>Parametri toplogrednih plinov:<\/strong><\/span><\/h4>\n<table>\n<tbody>\n<tr style=\"height: 24px;\">\n<td style=\"width: 185.867px; height: 24px; text-align: left;\">Vrsta konstrukcije<\/td>\n<td style=\"width: 243.133px; height: 24px; text-align: right;\">Fiksni &#8211; nelo\u010dljivi loki<\/td>\n<\/tr>\n<tr style=\"height: 24px;\">\n<td style=\"width: 185.867px; height: 24px; text-align: left;\">Dovoljena obremenitev<\/td>\n<td style=\"width: 243.133px; height: 24px; text-align: right;\">80 kg<\/td>\n<\/tr>\n<tr style=\"height: 24px;\">\n<td style=\"width: 185.867px; height: 24px; text-align: left;\">\u0161irina<\/td>\n<td style=\"width: 243.133px; height: 24px; text-align: right;\">1,67 m<\/td>\n<\/tr>\n<tr style=\"height: 24px;\">\n<td style=\"width: 185.867px; height: 24px; text-align: left;\">vi\u0161ina<\/td>\n<td style=\"width: 243.133px; height: 24px; text-align: right;\">1,66 m<\/td>\n<\/tr>\n<tr style=\"height: 24px;\">\n<td style=\"width: 185.867px; height: 24px; text-align: left;\">Dol\u017eina (razli\u010dice)<\/td>\n<td style=\"width: 243.133px; height: 24px; text-align: right;\">4 m; 6 m; 8 m; (modulacija v korakih po 2 m)<\/td>\n<\/tr>\n<tr style=\"height: 24px;\">\n<td style=\"width: 185.867px; height: 24px; text-align: left;\">Material za zasteklitev<\/td>\n<td style=\"width: 243.133px; height: 24px; text-align: right;\">polikarbonat 4 mm, 6 mm (jasnost &#8211; do 86%).<\/td>\n<\/tr>\n<tr style=\"height: 24px;\">\n<td style=\"width: 185.867px; height: 24px; text-align: left;\">UV za\u0161\u010dita<\/td>\n<td style=\"width: 243.133px; height: 24px; text-align: right;\">Da<\/td>\n<\/tr>\n<tr style=\"height: 24px;\">\n<td style=\"width: 185.867px; height: 10px; text-align: left;\">Gradbeni<\/td>\n<p> material<\/p>\n<td style=\"width: 243.133px; height: 10px; text-align: right;\">pocinkano jeklo<\/td>\n<\/tr>\n<tr style=\"height: 35px;\">\n<td style=\"width: 185.867px; height: 35px; text-align: left;\">Razdalja med krivuljami<\/td>\n<td style=\"width: 243.133px; height: 35px; text-align: right;\">1 m<\/td>\n<\/tr>\n<tr style=\"height: 24px;\">\n<td style=\"width: 170.4px; height: 24px; text-align: left;\">vrsta<\/td>\n<td style=\"width: 268.6px; height: 24px; text-align: right;\">prehoden na obeh straneh<\/td>\n<\/tr>\n<tr style=\"height: 24px;\">\n<td style=\"width: 170.4px; height: 24px; text-align: left;\">Vhodna<\/td>\n<p> vrata<\/p>\n<td style=\"width: 268.6px; height: 24px; text-align: right;\">2 kos<\/td>\n<\/tr>\n<tr style=\"height: 35px;\">\n<td style=\"width: 170.4px; height: 35px; text-align: left;\">Prezra\u010devalno okno spredaj<\/td>\n<td style=\"width: 268.6px; height: 35px; text-align: right;\">1 kos<\/td>\n<\/tr>\n<tr style=\"height: 24px;\">\n<td style=\"width: 185.867px; height: 24px; text-align: left;\">Siganje iz polikarbonata<\/td>\n<td style=\"width: 243.133px; height: 24px; text-align: right;\">Vijaki s podlo\u017ekami in maticami M5<\/td>\n<\/tr>\n<tr style=\"height: 24px;\">\n<td style=\"width: 185.867px; height: 24px; text-align: left;\">Sidrne noge<\/td>\n<td style=\"width: 243.133px; height: 24px; text-align: right;\">Vklju\u010deno v paket<\/td>\n<\/tr>\n<tr style=\"height: 24px;\">\n<td style=\"width: 185.867px; height: 24px; text-align: left;\">Garancija za polikarbonat<\/td>\n<td style=\"width: 243.133px; height: 24px; text-align: right;\">10 let<\/td>\n<\/tr>\n<tr style=\"height: 35px;\">\n<td style=\"width: 185.867px; height: 35px; text-align: left;\">Gradbena<\/td>\n<p> garancija<\/p>\n<td style=\"width: 243.133px; height: 35px; text-align: right;\">2 leti<\/td>\n<\/tr>\n<\/tbody>\n<\/table>\n<p>[\/vc_column_text][vc_separator style=&#8221;shadow&#8221; border_width=&#8221;5&#8243;][\/vc_column][vc_column width=&#8221;1\/2&#8243;][vc_separator style=&#8221;shadow&#8221; border_width=&#8221;5&#8243;][vc_column_text css=&#8221;&#8221; text_larger=&#8221;no&#8221; woodmart_inline=&#8221;no&#8221;]<\/p>\n<div class=\"vc_row wpb_row vc_row-fluid\">\n<div class=\"wpb_column vc_column_container vc_col-sm-12\">\n<div class=\"vc_column-inner\">\n<div class=\"wpb_wrapper\">\n<div class=\"wpb_text_column wpb_content_element\">\n<div class=\"wpb_wrapper\">\n<h4 style=\"text-align: center;\">Pritrditve<\/h4>\n<p>Sestavljanje rastlinjaka je tudi preprosto in ne zahteva posebnih ve\u0161\u010din. Potreben je le minimalen nabor orodij &#8211; klju\u010d, izvija\u010d, no\u017e. Podrobna navodila boste prejeli skupaj z rastlinjakom. Ilustrirano navodilo bo \u0161e dodatno poenostavilo postopek gradnje rastlinjaka,   <\/p>\n<p>\u010ce nimate \u010dasa za monta\u017eo, <a href=\"https:\/\/agroflex.cz\/sl\/sestavljanje-rastlinjaka\/\" target=\"_blank\" rel=\"noopener\"><strong>lahko monta\u017eo<\/strong><\/a> naro\u010dite pri na\u0161ih strokovnjakih, ki vam bodo vse sestavili z visoko strokovnostjo in v najkraj\u0161em mo\u017enem \u010dasu. \u010ceprav je monta\u017ea celotnega rastlinjaka preprosta, je potrebno najve\u010d \u010dasa za rezanje in rob polikarbonata ter njegovo monta\u017eo na obe sprednji strani rastlinjaka. Zato vam ponujamo mo\u017enost naro\u010dila tega dela <a href=\"https:\/\/agroflex.cz\/sl\/sestavljanje-rastlinjaka\/\" target=\"_blank\" rel=\"noopener\"><strong>monta\u017ee<\/strong><\/a>, ki se izvaja v na\u0161em skladi\u0161\u010du, od nosilca boste prejeli obe sprednji strani, napolnjeni s polikarbonatom. <\/p>\n<p>Rastlinjak se lahko spremeni in izvedba raz\u0161iritev je mo\u017ena v prihodnosti, zato je teoreti\u010dna dol\u017eina rastlinjaka neomejena.<\/p>\n<\/div>\n<\/div>\n<\/div>\n<\/div>\n<\/div>\n<\/div>\n<p>[\/vc_column_text][vc_separator style=&#8221;shadow&#8221; border_width=&#8221;5&#8243;][vc_column_text woodmart_inline=&#8221;no&#8221; text_larger=&#8221;no&#8221;]<\/p>\n<h4 style=\"text-align: center;\">Alternative<\/h4>\n<p>[\/vc_column_text]<div class=\"widget_products \"><div class=\"widget woocommerce widget_products\"><ul class=\"product_list_widget\"><li>\n\t\t<span class=\"widget-product-wrap\">\n\t\t<a href=\"https:\/\/agroflex.cz\/sl\/izdelek\/rastlinjak-polikarbonat-mini-lux-majhen-rastlinjak\/\" title=\"Rastlinjak polikarbonat MINI LUX - majhen rastlinjak\" class=\"widget-product-img\">\n\t\t\t<img decoding=\"async\" width=\"300\" height=\"300\" src=\"https:\/\/agroflex.cz\/wp-content\/uploads\/2023\/09\/maly-sklenik-na-zahradu-300x300.jpg\" class=\"attachment-woocommerce_thumbnail size-woocommerce_thumbnail\" alt=\"Mal\u00fd sklen\u00edk z polykarbon\u00e1tu\" srcset=\"https:\/\/agroflex.cz\/wp-content\/uploads\/2023\/09\/maly-sklenik-na-zahradu-300x300.jpg 300w, https:\/\/agroflex.cz\/wp-content\/uploads\/2023\/09\/maly-sklenik-na-zahradu-150x150.jpg 150w\" sizes=\"(max-width: 300px) 100vw, 300px\" \/>\t\t<\/a>\n\t\t<span class=\"widget-product-info\">\n\t\t\t<a href=\"https:\/\/agroflex.cz\/sl\/izdelek\/rastlinjak-polikarbonat-mini-lux-majhen-rastlinjak\/\" title=\"Rastlinjak polikarbonat MINI LUX - majhen rastlinjak\" class=\"wd-entities-title\">\n\t\t\t\tRastlinjak polikarbonat MINI LUX - majhen rastlinjak\t\t\t<\/a>\n\t\t\t\t\t\t\t\t\t\t\t\t\t<span class=\"price\"><span class=\"woocommerce-Price-amount amount\" aria-hidden=\"true\"><bdi>11 253<span class=\"woocommerce-Price-currencySymbol\">&#75;&#269;<\/span><\/bdi><\/span> <span aria-hidden=\"true\">&ndash;<\/span> <span class=\"woocommerce-Price-amount amount\" aria-hidden=\"true\"><bdi>26 730<span class=\"woocommerce-Price-currencySymbol\">&#75;&#269;<\/span><\/bdi><\/span><span class=\"screen-reader-text\">Cenovni razpon: od 11 253&#75;&#269; do 26 730&#75;&#269;<\/span><\/span>\n\t\t<\/span>\n\t<\/span>\n\t<\/li>\n<\/ul><\/div><\/div>[vc_separator style=&#8221;shadow&#8221; border_width=&#8221;5&#8243;][\/vc_column][\/vc_row]<\/p>\n<\/div>","protected":false},"excerpt":{"rendered":"<p style=\"text-align: justify;\"><span style=\"font-size: 10pt;\">\u0160irina rastlinjaka 1,67m, vi\u0161ina 1,66m, dol\u017eina od 4m. Ekonomsko dostopen poceni obokani polikarbonatni rastlinjak. Vsi zavoji so fiksni. Pocinkana robustna konstrukcija na osnovi jekla. Poseben polikarbonat za rastlinjake debeline 4 ali 6 mm z UV filtrom. Rastlinjak prehoden na obeh straneh.     <\/span><\/p>\n","protected":false},"featured_media":29472,"comment_status":"open","ping_status":"closed","template":"","meta":[],"product_brand":[419],"product_cat":[484,749,1161,851,954],"product_tag":[],"class_list":{"0":"post-29470","1":"product","2":"type-product","3":"status-publish","4":"has-post-thumbnail","6":"product_brand-agroflex","7":"product_cat-484","8":"product_cat-dogodki-v-vrtnih-rastlinjakih","9":"product_cat-zarisce-majhen-rastlinjak","10":"product_cat-obokani-rastlinjaki","11":"product_cat-fiksni-rastlinjaki","13":"first","14":"instock","15":"sale","16":"taxable","17":"shipping-taxable","18":"purchasable","19":"product-type-variable","20":"has-default-attributes"},"_links":{"self":[{"href":"https:\/\/agroflex.cz\/sl\/wp-json\/wp\/v2\/product\/29470","targetHints":{"allow":["GET"]}}],"collection":[{"href":"https:\/\/agroflex.cz\/sl\/wp-json\/wp\/v2\/product"}],"about":[{"href":"https:\/\/agroflex.cz\/sl\/wp-json\/wp\/v2\/types\/product"}],"replies":[{"embeddable":true,"href":"https:\/\/agroflex.cz\/sl\/wp-json\/wp\/v2\/comments?post=29470"}],"wp:featuredmedia":[{"embeddable":true,"href":"https:\/\/agroflex.cz\/sl\/wp-json\/wp\/v2\/media\/29472"}],"wp:attachment":[{"href":"https:\/\/agroflex.cz\/sl\/wp-json\/wp\/v2\/media?parent=29470"}],"wp:term":[{"taxonomy":"product_brand","embeddable":true,"href":"https:\/\/agroflex.cz\/sl\/wp-json\/wp\/v2\/product_brand?post=29470"},{"taxonomy":"product_cat","embeddable":true,"href":"https:\/\/agroflex.cz\/sl\/wp-json\/wp\/v2\/product_cat?post=29470"},{"taxonomy":"product_tag","embeddable":true,"href":"https:\/\/agroflex.cz\/sl\/wp-json\/wp\/v2\/product_tag?post=29470"}],"curies":[{"name":"wp","href":"https:\/\/api.w.org\/{rel}","templated":true}]}}