{"id":29996,"date":"2023-09-04T21:01:17","date_gmt":"2023-09-04T21:01:17","guid":{"rendered":"https:\/\/agroflex.cz\/product\/komplet-m-dodatki-za-rastlinjake\/"},"modified":"2023-09-04T21:01:17","modified_gmt":"2023-09-04T21:01:17","slug":"komplet-m-dodatki-za-rastlinjake","status":"publish","type":"product","link":"https:\/\/agroflex.cz\/sl\/izdelek\/komplet-m-dodatki-za-rastlinjake\/","title":{"rendered":"komplet &#8211; M &#8211; dodatki za rastlinjake"},"content":{"rendered":"","protected":false},"excerpt":{"rendered":"<p>Komplet je primeren za obokane rastlinjake \u0161irine 2 &#8211; 2,5 &#8211; 3 m, dol\u017eine 4, 6, 8 m<\/p>\n<p>Komplet vklju\u010duje vse, kar je potrebno za za\u0161\u010dito polikarbonata in <a href=\"https:\/\/agroflex.cz\/sl\/produkt\/aero-100-avtomatski-odpirac-oken-za-rastlinjake\/\">avtomatski odpira\u010d oken<\/a> rastlinjaka :<\/p>\n<ul>\n<li>Kon\u010dni trakovi tipa U za polikarbonat (komplet M4 &#8211; 11kos, komplet M6 &#8211; 13kos, komplet M8 &#8211; 15kos)<\/li>\n<li>paroprepustni prezra\u010devalni trak AntiDust 3500 &#8211; (komplet M4 &#8211; 1 kos, komplet M6 &#8211; 2 kos, komplet M8 &#8211; 2 kos)<\/li>\n<li>AERO-100 Avtomatski odpira\u010d oken za rastlinjake &#8211; 1 kos<\/li>\n<\/ul>\n","protected":false},"featured_media":0,"comment_status":"open","ping_status":"closed","template":"","meta":[],"product_brand":[419],"product_cat":[491],"product_tag":[],"class_list":{"0":"post-29996","1":"product","2":"type-product","3":"status-publish","5":"product_brand-agroflex","6":"product_cat-dodatki","8":"first","9":"instock","10":"taxable","11":"shipping-taxable","12":"purchasable","13":"product-type-variable","14":"has-default-attributes"},"_links":{"self":[{"href":"https:\/\/agroflex.cz\/sl\/wp-json\/wp\/v2\/product\/29996","targetHints":{"allow":["GET"]}}],"collection":[{"href":"https:\/\/agroflex.cz\/sl\/wp-json\/wp\/v2\/product"}],"about":[{"href":"https:\/\/agroflex.cz\/sl\/wp-json\/wp\/v2\/types\/product"}],"replies":[{"embeddable":true,"href":"https:\/\/agroflex.cz\/sl\/wp-json\/wp\/v2\/comments?post=29996"}],"wp:attachment":[{"href":"https:\/\/agroflex.cz\/sl\/wp-json\/wp\/v2\/media?parent=29996"}],"wp:term":[{"taxonomy":"product_brand","embeddable":true,"href":"https:\/\/agroflex.cz\/sl\/wp-json\/wp\/v2\/product_brand?post=29996"},{"taxonomy":"product_cat","embeddable":true,"href":"https:\/\/agroflex.cz\/sl\/wp-json\/wp\/v2\/product_cat?post=29996"},{"taxonomy":"product_tag","embeddable":true,"href":"https:\/\/agroflex.cz\/sl\/wp-json\/wp\/v2\/product_tag?post=29996"}],"curies":[{"name":"wp","href":"https:\/\/api.w.org\/{rel}","templated":true}]}}