{"id":30021,"date":"2023-09-04T21:01:18","date_gmt":"2023-09-04T21:01:18","guid":{"rendered":"https:\/\/agroflex.cz\/product\/prezracevalno-okno-titan-lux\/"},"modified":"2023-09-04T21:01:18","modified_gmt":"2023-09-04T21:01:18","slug":"prezracevalno-okno-titan-lux","status":"publish","type":"product","link":"https:\/\/agroflex.cz\/sl\/izdelek\/prezracevalno-okno-titan-lux\/","title":{"rendered":"Prezra\u010devalno okno &#8211; TITAN LUX"},"content":{"rendered":"<p><strong> <\/strong><\/p>\n<p>&nbsp;<\/p>\n<p>&nbsp;<\/p>\n","protected":false},"excerpt":{"rendered":"<p>Stre\u0161no stransko prezra\u010devalno okno se uporablja za uravnavanje notranje temperature v rastlinjaku. je originalni raz\u0161iritveni izdelek za trpe\u017eni polikarbonatni obokani vrtni rastlinjak Titan LUX. Okenski okvir je izdelan iz pocinkanega jekla, kot tudi celoten rastlinjak. in pra\u0161no prevle\u010deno. Prezra\u010devalno okno je popolnoma zdru\u017eljivo z avtomatskim odpira\u010dem Aero-100, Thermovent, Univent, Megavent, ki ga lahko naro\u010dite s tem oknom. Paket vsebuje vse potrebne monta\u017ene komponente.     <\/p>\n","protected":false},"featured_media":12822,"comment_status":"open","ping_status":"closed","template":"","meta":[],"product_brand":[419],"product_cat":[491,1340],"product_tag":[],"class_list":{"0":"post-30021","1":"product","2":"type-product","3":"status-publish","4":"has-post-thumbnail","6":"product_brand-agroflex","7":"product_cat-dodatki","8":"product_cat-prezracevalna-okna","10":"first","11":"instock","12":"taxable","13":"shipping-taxable","14":"purchasable","15":"product-type-simple"},"_links":{"self":[{"href":"https:\/\/agroflex.cz\/sl\/wp-json\/wp\/v2\/product\/30021","targetHints":{"allow":["GET"]}}],"collection":[{"href":"https:\/\/agroflex.cz\/sl\/wp-json\/wp\/v2\/product"}],"about":[{"href":"https:\/\/agroflex.cz\/sl\/wp-json\/wp\/v2\/types\/product"}],"replies":[{"embeddable":true,"href":"https:\/\/agroflex.cz\/sl\/wp-json\/wp\/v2\/comments?post=30021"}],"wp:featuredmedia":[{"embeddable":true,"href":"https:\/\/agroflex.cz\/sl\/wp-json\/wp\/v2\/media\/12822"}],"wp:attachment":[{"href":"https:\/\/agroflex.cz\/sl\/wp-json\/wp\/v2\/media?parent=30021"}],"wp:term":[{"taxonomy":"product_brand","embeddable":true,"href":"https:\/\/agroflex.cz\/sl\/wp-json\/wp\/v2\/product_brand?post=30021"},{"taxonomy":"product_cat","embeddable":true,"href":"https:\/\/agroflex.cz\/sl\/wp-json\/wp\/v2\/product_cat?post=30021"},{"taxonomy":"product_tag","embeddable":true,"href":"https:\/\/agroflex.cz\/sl\/wp-json\/wp\/v2\/product_tag?post=30021"}],"curies":[{"name":"wp","href":"https:\/\/api.w.org\/{rel}","templated":true}]}}