{"id":30569,"date":"2023-09-04T21:02:03","date_gmt":"2023-09-04T21:02:03","guid":{"rendered":"https:\/\/agroflex.cz\/product\/plocevinasta-podlaga-za-leglo-sirine-1m\/"},"modified":"2023-09-04T21:02:03","modified_gmt":"2023-09-04T21:02:03","slug":"plocevinasta-podlaga-za-leglo-sirine-1m","status":"publish","type":"product","link":"https:\/\/agroflex.cz\/sl\/izdelek\/plocevinasta-podlaga-za-leglo-sirine-1m\/","title":{"rendered":"Plo\u010devinasta podlaga za leglo \u0161irine 1m"},"content":{"rendered":"","protected":false},"excerpt":{"rendered":"<p>Podlage zmanj\u0161ujejo korozijsko aktivnost, za vrtne \u017eari\u0161\u010da vseh vrst \u0161irine 1 m. Gre za edinstven sistem, ki nadome\u0161\u010da podlago v primeru, da ni mogo\u010de zgraditi trdnega betonskega temelja ali temelja iz opeke ali plo\u0161\u010dic. Ta osnova dvigne \u017eari\u0161\u010de za pribli\u017eno 20 cm. Dvi\u017ena podlaga je izdelana iz pocinkanih profilov. Prilo\u017eene so sidrne noge.    <\/p>\n<p>Osnovne dimenzije (d &#8211; \u0161) 1 x 2m (mogo\u010de je narediti ve\u010d \u2013 modulacija v dol\u017eini 2m)<\/p>\n","protected":false},"featured_media":32402,"comment_status":"open","ping_status":"closed","template":"","meta":[],"product_brand":[419],"product_cat":[491,1310],"product_tag":[],"class_list":{"0":"post-30569","1":"product","2":"type-product","3":"status-publish","4":"has-post-thumbnail","6":"product_brand-agroflex","7":"product_cat-dodatki","8":"product_cat-sidranje-rastlinjaka","10":"first","11":"instock","12":"sale","13":"taxable","14":"shipping-taxable","15":"purchasable","16":"product-type-variable","17":"has-default-attributes"},"_links":{"self":[{"href":"https:\/\/agroflex.cz\/sl\/wp-json\/wp\/v2\/product\/30569","targetHints":{"allow":["GET"]}}],"collection":[{"href":"https:\/\/agroflex.cz\/sl\/wp-json\/wp\/v2\/product"}],"about":[{"href":"https:\/\/agroflex.cz\/sl\/wp-json\/wp\/v2\/types\/product"}],"replies":[{"embeddable":true,"href":"https:\/\/agroflex.cz\/sl\/wp-json\/wp\/v2\/comments?post=30569"}],"wp:featuredmedia":[{"embeddable":true,"href":"https:\/\/agroflex.cz\/sl\/wp-json\/wp\/v2\/media\/32402"}],"wp:attachment":[{"href":"https:\/\/agroflex.cz\/sl\/wp-json\/wp\/v2\/media?parent=30569"}],"wp:term":[{"taxonomy":"product_brand","embeddable":true,"href":"https:\/\/agroflex.cz\/sl\/wp-json\/wp\/v2\/product_brand?post=30569"},{"taxonomy":"product_cat","embeddable":true,"href":"https:\/\/agroflex.cz\/sl\/wp-json\/wp\/v2\/product_cat?post=30569"},{"taxonomy":"product_tag","embeddable":true,"href":"https:\/\/agroflex.cz\/sl\/wp-json\/wp\/v2\/product_tag?post=30569"}],"curies":[{"name":"wp","href":"https:\/\/api.w.org\/{rel}","templated":true}]}}