{"id":30653,"date":"2023-09-04T21:02:04","date_gmt":"2023-09-04T21:02:04","guid":{"rendered":"https:\/\/agroflex.cz\/product\/komplet-mr-dodatki-za-rastlinjake\/"},"modified":"2023-09-04T21:02:04","modified_gmt":"2023-09-04T21:02:04","slug":"komplet-mr-dodatki-za-rastlinjake","status":"publish","type":"product","link":"https:\/\/agroflex.cz\/sl\/izdelek\/komplet-mr-dodatki-za-rastlinjake\/","title":{"rendered":"komplet &#8211; MR &#8211; dodatki za rastlinjake"},"content":{"rendered":"","protected":false},"excerpt":{"rendered":"<p>Komplet je primeren za rastlinjake z ravnimi stranicami \u0161irine 2 \u2013 2,5 \u2013 3 m, dol\u017eine 4, 6, 8 m<\/p>\n<p>Komplet vklju\u010duje vse, kar je potrebno za za\u0161\u010dito polikarbonata in <a href=\"https:\/\/agroflex.cz\/sl\/produkt\/aero-100-avtomatski-odpirac-oken-za-rastlinjake\/\">avtomatski odpira\u010d oken<\/a> rastlinjaka :<\/p>\n<ul>\n<li>Kon\u010dni trakovi tipa U za polikarbonat (komplet MR4 &#8211; 15 kosov, komplet MR6 &#8211; 19 kosov, komplet MR8 &#8211; 23 kosov)<\/li>\n<li>paroprepustni prezra\u010devalni trak AntiDust 3500 &#8211; (komplet MR4 &#8211; 2ks, komplet MR6 &#8211; 2ks, komplet MR8 &#8211; 3kos)<\/li>\n<li>AERO-100 Avtomatski odpira\u010d oken za rastlinjake &#8211; 1 kos<\/li>\n<\/ul>\n","protected":false},"featured_media":0,"comment_status":"open","ping_status":"closed","template":"","meta":[],"product_brand":[419],"product_cat":[491],"product_tag":[],"class_list":{"0":"post-30653","1":"product","2":"type-product","3":"status-publish","5":"product_brand-agroflex","6":"product_cat-dodatki","8":"first","9":"instock","10":"taxable","11":"shipping-taxable","12":"purchasable","13":"product-type-variable","14":"has-default-attributes"},"_links":{"self":[{"href":"https:\/\/agroflex.cz\/sl\/wp-json\/wp\/v2\/product\/30653","targetHints":{"allow":["GET"]}}],"collection":[{"href":"https:\/\/agroflex.cz\/sl\/wp-json\/wp\/v2\/product"}],"about":[{"href":"https:\/\/agroflex.cz\/sl\/wp-json\/wp\/v2\/types\/product"}],"replies":[{"embeddable":true,"href":"https:\/\/agroflex.cz\/sl\/wp-json\/wp\/v2\/comments?post=30653"}],"wp:attachment":[{"href":"https:\/\/agroflex.cz\/sl\/wp-json\/wp\/v2\/media?parent=30653"}],"wp:term":[{"taxonomy":"product_brand","embeddable":true,"href":"https:\/\/agroflex.cz\/sl\/wp-json\/wp\/v2\/product_brand?post=30653"},{"taxonomy":"product_cat","embeddable":true,"href":"https:\/\/agroflex.cz\/sl\/wp-json\/wp\/v2\/product_cat?post=30653"},{"taxonomy":"product_tag","embeddable":true,"href":"https:\/\/agroflex.cz\/sl\/wp-json\/wp\/v2\/product_tag?post=30653"}],"curies":[{"name":"wp","href":"https:\/\/api.w.org\/{rel}","templated":true}]}}