{"id":30662,"date":"2023-09-04T21:00:32","date_gmt":"2023-09-04T21:00:32","guid":{"rendered":"https:\/\/agroflex.cz\/product\/paroprepustni-prezracevalni-trak-antidust-3500\/"},"modified":"2026-04-01T11:57:26","modified_gmt":"2026-04-01T11:57:26","slug":"paroprepustni-prezracevalni-trak-antidust-3500","status":"publish","type":"product","link":"https:\/\/agroflex.cz\/sl\/izdelek\/paroprepustni-prezracevalni-trak-antidust-3500\/","title":{"rendered":"Paroprepustni prezra\u010devalni trak AntiDust 3500"},"content":{"rendered":"","protected":false},"excerpt":{"rendered":"<p>Difuzijsko odprt prezra\u010devalni trak ANtiDust 3500 za tesnjenje votlin polikarbonatnih plo\u0161\u010d. Prepre\u010duje vstop prahu in umazanije v votline. Enostranski difuzijski odprti trak zadr\u017euje vlago proti votlinam. Prezra\u010devalni trak izpu\u0161\u010da vlago iz votlin. Za zapiranje votlin polikarbonatnih listov 4-10 mm. Dol\u017eina 33m     <\/p>\n","protected":false},"featured_media":12615,"comment_status":"open","ping_status":"closed","template":"","meta":[],"product_brand":[419],"product_cat":[491,1316,1304],"product_tag":[],"class_list":{"0":"post-30662","1":"product","2":"type-product","3":"status-publish","4":"has-post-thumbnail","6":"product_brand-agroflex","7":"product_cat-dodatki","8":"product_cat-robljenje-pc-plosc","9":"product_cat-polikarbonatne-plosce","11":"first","12":"instock","13":"taxable","14":"shipping-taxable","15":"purchasable","16":"product-type-simple"},"_links":{"self":[{"href":"https:\/\/agroflex.cz\/sl\/wp-json\/wp\/v2\/product\/30662","targetHints":{"allow":["GET"]}}],"collection":[{"href":"https:\/\/agroflex.cz\/sl\/wp-json\/wp\/v2\/product"}],"about":[{"href":"https:\/\/agroflex.cz\/sl\/wp-json\/wp\/v2\/types\/product"}],"replies":[{"embeddable":true,"href":"https:\/\/agroflex.cz\/sl\/wp-json\/wp\/v2\/comments?post=30662"}],"wp:featuredmedia":[{"embeddable":true,"href":"https:\/\/agroflex.cz\/sl\/wp-json\/wp\/v2\/media\/12615"}],"wp:attachment":[{"href":"https:\/\/agroflex.cz\/sl\/wp-json\/wp\/v2\/media?parent=30662"}],"wp:term":[{"taxonomy":"product_brand","embeddable":true,"href":"https:\/\/agroflex.cz\/sl\/wp-json\/wp\/v2\/product_brand?post=30662"},{"taxonomy":"product_cat","embeddable":true,"href":"https:\/\/agroflex.cz\/sl\/wp-json\/wp\/v2\/product_cat?post=30662"},{"taxonomy":"product_tag","embeddable":true,"href":"https:\/\/agroflex.cz\/sl\/wp-json\/wp\/v2\/product_tag?post=30662"}],"curies":[{"name":"wp","href":"https:\/\/api.w.org\/{rel}","templated":true}]}}