{"id":30684,"date":"2023-09-04T21:00:32","date_gmt":"2023-09-04T21:00:32","guid":{"rendered":"https:\/\/agroflex.cz\/product\/lego-univerzalni-robovi-postelje\/"},"modified":"2023-09-04T21:00:32","modified_gmt":"2023-09-04T21:00:32","slug":"lego-univerzalni-robovi-postelje","status":"publish","type":"product","link":"https:\/\/agroflex.cz\/sl\/izdelek\/lego-univerzalni-robovi-postelje\/","title":{"rendered":"LEGO Univerzalni robovi postelje"},"content":{"rendered":"","protected":false},"excerpt":{"rendered":"<p>Ta ogradica bo zlahka lo\u010dila va\u0161 vrt, cvetli\u010dno gredico, dvori\u0161\u010de ali travnik. Jekleni robnik se uporablja za ustvarjanje dvignjene postelje. Preprost in zanesljiv mehanizem za povezovanje odsekov vam bo omogo\u010dil sestavljanje in namestitev dvignjene postelje v razli\u010dnih velikostih in oblikah v nekaj minutah brez profesionalnega orodja. Posamezni moduli enake vi\u0161ine ali dol\u017eine se lahko zdru\u017eijo v razli\u010dne kompozicije. Cvetli\u010dna gredica je izdelana iz debele plo\u010devine, ki je pocinkana.    <\/p>\n<p>Prednosti:<\/p>\n<ul>\n<li>Enostavno rokovanje in namestitev (samo zdrsnite v zemljo)<\/li>\n<li>omogo\u010da sestavljanje in namestitev dvignjene postelje v razli\u010dnih velikostih in oblikah<\/li>\n<li>Stabilna konstrukcija zahvaljujo\u010d nogam (okroglim stopalom), vgrajenim v tla<\/li>\n<li>enostaven sistem za priklju\u010ditev modulov (orodje ni potrebno)<\/li>\n<li>Lahko se zlo\u017ei in shrani izven sezone<\/li>\n<\/ul>\n<p>Paket vsebuje 2 modula (para).<\/p>\n<p>Dol\u017eina 1 modula: 65 cm \/ 90 cm \/ 197 cm<\/p>\n<p>Vi\u0161ina ograje je 19 cm \/ prodor tal je 19 cm Zelo stabilna konstrukcija zahvaljujo\u010d nogam &#8211; vgrajena v tla. Monta\u017ea je zelo preprosta. Cvetli\u010dna gredica je izdelana iz debele plo\u010devine, ki je pocinkana. Robovi ograje so skrbno upognjeni in varni za monta\u017eo.   <\/p>\n<p>Cena je za en par enake velikosti<\/p>\n<p>&nbsp;<\/p>\n","protected":false},"featured_media":12257,"comment_status":"open","ping_status":"closed","template":"","meta":[],"product_brand":[419],"product_cat":[491,1347,1371,1359],"product_tag":[],"class_list":{"0":"post-30684","1":"product","2":"type-product","3":"status-publish","4":"has-post-thumbnail","6":"product_brand-agroflex","7":"product_cat-dodatki","8":"product_cat-dvignjene-postelje","9":"product_cat-vrtni-robniki","10":"product_cat-kovinska-korita-za-roze","12":"first","13":"instock","14":"sale","15":"taxable","16":"shipping-taxable","17":"purchasable","18":"product-type-variable","19":"has-default-attributes"},"_links":{"self":[{"href":"https:\/\/agroflex.cz\/sl\/wp-json\/wp\/v2\/product\/30684","targetHints":{"allow":["GET"]}}],"collection":[{"href":"https:\/\/agroflex.cz\/sl\/wp-json\/wp\/v2\/product"}],"about":[{"href":"https:\/\/agroflex.cz\/sl\/wp-json\/wp\/v2\/types\/product"}],"replies":[{"embeddable":true,"href":"https:\/\/agroflex.cz\/sl\/wp-json\/wp\/v2\/comments?post=30684"}],"wp:featuredmedia":[{"embeddable":true,"href":"https:\/\/agroflex.cz\/sl\/wp-json\/wp\/v2\/media\/12257"}],"wp:attachment":[{"href":"https:\/\/agroflex.cz\/sl\/wp-json\/wp\/v2\/media?parent=30684"}],"wp:term":[{"taxonomy":"product_brand","embeddable":true,"href":"https:\/\/agroflex.cz\/sl\/wp-json\/wp\/v2\/product_brand?post=30684"},{"taxonomy":"product_cat","embeddable":true,"href":"https:\/\/agroflex.cz\/sl\/wp-json\/wp\/v2\/product_cat?post=30684"},{"taxonomy":"product_tag","embeddable":true,"href":"https:\/\/agroflex.cz\/sl\/wp-json\/wp\/v2\/product_tag?post=30684"}],"curies":[{"name":"wp","href":"https:\/\/api.w.org\/{rel}","templated":true}]}}