{"id":31214,"date":"2023-09-04T21:00:33","date_gmt":"2023-09-04T21:00:33","guid":{"rendered":"https:\/\/agroflex.cz\/product\/botanik-plocevinasta-podlaga-za-rastlinjake\/"},"modified":"2023-09-04T21:00:33","modified_gmt":"2023-09-04T21:00:33","slug":"botanik-plocevinasta-podlaga-za-rastlinjake","status":"publish","type":"product","link":"https:\/\/agroflex.cz\/sl\/izdelek\/botanik-plocevinasta-podlaga-za-rastlinjake\/","title":{"rendered":"Botanik plo\u010devinasta podlaga za rastlinjake"},"content":{"rendered":"","protected":false},"excerpt":{"rendered":"<p>Podlaga zmanj\u0161uje korozijsko aktivnost, zagotavlja stabilnost podpore rastlinjakov \u0161irine 3 m ali 5 m. Gre za edinstven sistem, ki nadome\u0161\u010da podlago v primeru, da ni mogo\u010de zgraditi trdnega betonskega temelja ali temelja iz opeke ali plo\u0161\u010dic. Podno\u017eje je izdelano iz jekla 60\u00d740 mm, vi\u0161ina.  <\/p>\n<p>Osnovne dimenzije (d &#8211; \u0161) 4 x 3m, 4 x 4m ali 4 x 5m (mo\u017eno je dalj\u0161e \u2013 modulacija v dol\u017eini 2m)<\/p>\n","protected":false},"featured_media":13323,"comment_status":"open","ping_status":"closed","template":"","meta":[],"product_brand":[419],"product_cat":[491,1310],"product_tag":[],"class_list":{"0":"post-31214","1":"product","2":"type-product","3":"status-publish","4":"has-post-thumbnail","6":"product_brand-agroflex","7":"product_cat-dodatki","8":"product_cat-sidranje-rastlinjaka","10":"first","11":"instock","12":"sale","13":"taxable","14":"shipping-taxable","15":"purchasable","16":"product-type-variable","17":"has-default-attributes"},"_links":{"self":[{"href":"https:\/\/agroflex.cz\/sl\/wp-json\/wp\/v2\/product\/31214","targetHints":{"allow":["GET"]}}],"collection":[{"href":"https:\/\/agroflex.cz\/sl\/wp-json\/wp\/v2\/product"}],"about":[{"href":"https:\/\/agroflex.cz\/sl\/wp-json\/wp\/v2\/types\/product"}],"replies":[{"embeddable":true,"href":"https:\/\/agroflex.cz\/sl\/wp-json\/wp\/v2\/comments?post=31214"}],"wp:featuredmedia":[{"embeddable":true,"href":"https:\/\/agroflex.cz\/sl\/wp-json\/wp\/v2\/media\/13323"}],"wp:attachment":[{"href":"https:\/\/agroflex.cz\/sl\/wp-json\/wp\/v2\/media?parent=31214"}],"wp:term":[{"taxonomy":"product_brand","embeddable":true,"href":"https:\/\/agroflex.cz\/sl\/wp-json\/wp\/v2\/product_brand?post=31214"},{"taxonomy":"product_cat","embeddable":true,"href":"https:\/\/agroflex.cz\/sl\/wp-json\/wp\/v2\/product_cat?post=31214"},{"taxonomy":"product_tag","embeddable":true,"href":"https:\/\/agroflex.cz\/sl\/wp-json\/wp\/v2\/product_tag?post=31214"}],"curies":[{"name":"wp","href":"https:\/\/api.w.org\/{rel}","templated":true}]}}