{"id":31445,"date":"2023-09-04T21:00:34","date_gmt":"2023-09-04T21:00:34","guid":{"rendered":"https:\/\/agroflex.cz\/product\/dvignjena-postelja-xl-plasticna-bela\/"},"modified":"2025-09-20T14:46:52","modified_gmt":"2025-09-20T14:46:52","slug":"dvignjena-postelja-xl-plasticna-bela","status":"publish","type":"product","link":"https:\/\/agroflex.cz\/sl\/izdelek\/dvignjena-postelja-xl-plasticna-bela\/","title":{"rendered":"Dvignjena postelja XL plasti\u010dna (bela)"},"content":{"rendered":"<div class=\"wpb-content-wrapper\"><p>[vc_row][vc_column][vc_column_text woodmart_inline=&#8221;no&#8221; text_larger=&#8221;no&#8221;]<\/p>\n<h2 style=\"text-align: center;\">Dvignjena postelja XL plasti\u010dna (bela)<\/h2>\n<p>Ena klju\u010dnih prednosti plasti\u010dnih gredic je njihova trajnost in dolga \u017eivljenjska doba. Narejene so iz visoko kakovostnih materialov, ki se zlahka upirajo vremenskim vplivom, gnilobi in \u0161kodljivcem. Posledi\u010dno plasti\u010dne dvignjene postelje ka\u017eejo veliko dalj\u0161i rok trajanja kot tradicionalne lesene ali kovinske postelje.  <\/p>\n<p>Cvetli\u010dna gredica je izdelana iz debele 20 mm plastike, ne boji se prekomerne vlage, s\u010dasoma se ne deformira. Zahvaljujo\u010d temu lahko dolgo \u010dasa prenese neugodne podnebne razmere. Zagotavlja za\u0161\u010dito gojene zelenjave pred grizljanjem hi\u0161nih ljubljen\u010dkov. Pri zalivanju, pletju in drugih operacijah zemlja ne bo izginila in ne boste zapravljali \u010dasa za ustvarjanje postelj znova in znova   <\/p>\n<p>Plasti\u010dne postelje zaradi svoje zasnove omogo\u010dajo u\u010dinkovito uporabo prostora in optimizacijo rastnih pogojev. Lahko so opremljeni z namakalnim sistemom in celo postavljeni na dvi\u017ene plo\u0161\u010dadi za la\u017eji dostop. Vse to prispeva k pove\u010danju pridelka in uspeha pri gojenju pridelkov.  <\/p>\n<p>Na splo\u0161no so plasti\u010dne dvignjene postelje odli\u010dna mo\u017enost za vsakega vrtnarja, ki i\u0161\u010de u\u010dinkovito in trajno re\u0161itev za gojenje rastlin. Zahvaljujo\u010d njim lahko vsakdo enostavno ustvari impresiven in produktiven vrt, ne glede na velikost ali zna\u010daj prostora, ki ga ima na voljo.[\/vc_column_text][\/vc_column][\/vc_row]<\/p>\n<\/div>","protected":false},"excerpt":{"rendered":"<p>Vi\u0161ina ograje je 15,5 cm \/ \u0160irina: 70 cm \/ Dol\u017eina podno\u017eja: 3 m je lahko dalj\u0161a \u2013 modulacija v korakih po 1 m. Zelo stabilna konstrukcija zahvaljujo\u010d stopalom &#8211; vgrajena v tla. Monta\u017ea je zelo preprosta. Cvetli\u010dno gredico lahko prilagodite z dodatno plastjo delov.    <\/p>\n","protected":false},"featured_media":13012,"comment_status":"open","ping_status":"closed","template":"","meta":[],"product_brand":[419],"product_cat":[491,1347,1370],"product_tag":[],"class_list":{"0":"post-31445","1":"product","2":"type-product","3":"status-publish","4":"has-post-thumbnail","6":"product_brand-agroflex","7":"product_cat-dodatki","8":"product_cat-dvignjene-postelje","9":"product_cat-plasticna-korita-za-roze","11":"first","12":"instock","13":"sale","14":"taxable","15":"shipping-taxable","16":"purchasable","17":"product-type-variable"},"_links":{"self":[{"href":"https:\/\/agroflex.cz\/sl\/wp-json\/wp\/v2\/product\/31445","targetHints":{"allow":["GET"]}}],"collection":[{"href":"https:\/\/agroflex.cz\/sl\/wp-json\/wp\/v2\/product"}],"about":[{"href":"https:\/\/agroflex.cz\/sl\/wp-json\/wp\/v2\/types\/product"}],"replies":[{"embeddable":true,"href":"https:\/\/agroflex.cz\/sl\/wp-json\/wp\/v2\/comments?post=31445"}],"wp:featuredmedia":[{"embeddable":true,"href":"https:\/\/agroflex.cz\/sl\/wp-json\/wp\/v2\/media\/13012"}],"wp:attachment":[{"href":"https:\/\/agroflex.cz\/sl\/wp-json\/wp\/v2\/media?parent=31445"}],"wp:term":[{"taxonomy":"product_brand","embeddable":true,"href":"https:\/\/agroflex.cz\/sl\/wp-json\/wp\/v2\/product_brand?post=31445"},{"taxonomy":"product_cat","embeddable":true,"href":"https:\/\/agroflex.cz\/sl\/wp-json\/wp\/v2\/product_cat?post=31445"},{"taxonomy":"product_tag","embeddable":true,"href":"https:\/\/agroflex.cz\/sl\/wp-json\/wp\/v2\/product_tag?post=31445"}],"curies":[{"name":"wp","href":"https:\/\/api.w.org\/{rel}","templated":true}]}}