{"id":31472,"date":"2023-09-04T21:00:34","date_gmt":"2023-09-04T21:00:34","guid":{"rendered":"https:\/\/agroflex.cz\/product\/dvignjena-postelja-xl-pocinkana-plocevina\/"},"modified":"2023-09-04T21:00:34","modified_gmt":"2023-09-04T21:00:34","slug":"dvignjena-postelja-xl-pocinkana-plocevina","status":"publish","type":"product","link":"https:\/\/agroflex.cz\/sl\/izdelek\/dvignjena-postelja-xl-pocinkana-plocevina\/","title":{"rendered":"Dvignjena postelja XL &#8211; pocinkana plo\u010devina"},"content":{"rendered":"","protected":false},"excerpt":{"rendered":"<p>Vi\u0161ina ograje je 18 cm \/ \u0160irina: 65 cm \/ Dol\u017eina podno\u017eja od 200 cm, dalj\u0161a modulacija se lahko izvede v 200 cm. Cvetli\u010dno gredico lahko prilagodite z dodatno plastjo delov. Zelo stabilna konstrukcija zahvaljujo\u010d nogam &#8211; 18 cm potopljena v tla. Monta\u017ea je zelo preprosta.    Cvetli\u010dna gredica &#8211; vrtni robnik je izdelan iz debele plo\u010devine, ki je pocinkana. Zagotavlja za\u0161\u010dito gojene zelenjave pred grizljanjem hi\u0161nih ljubljen\u010dkov. Med namakanjem, pletjem in drugimi operacijami zemlja ne bo izginila in ne boste zapravljali \u010dasa za ustvarjanje postelj znova in znova. Robovi ograje so skrbno upognjeni in varni za monta\u017eo.  <\/p>\n","protected":false},"featured_media":11661,"comment_status":"open","ping_status":"closed","template":"","meta":[],"product_brand":[419],"product_cat":[491,1347,1359],"product_tag":[],"class_list":{"0":"post-31472","1":"product","2":"type-product","3":"status-publish","4":"has-post-thumbnail","6":"product_brand-agroflex","7":"product_cat-dodatki","8":"product_cat-dvignjene-postelje","9":"product_cat-kovinska-korita-za-roze","11":"first","12":"instock","13":"sale","14":"taxable","15":"shipping-taxable","16":"purchasable","17":"product-type-variable"},"_links":{"self":[{"href":"https:\/\/agroflex.cz\/sl\/wp-json\/wp\/v2\/product\/31472","targetHints":{"allow":["GET"]}}],"collection":[{"href":"https:\/\/agroflex.cz\/sl\/wp-json\/wp\/v2\/product"}],"about":[{"href":"https:\/\/agroflex.cz\/sl\/wp-json\/wp\/v2\/types\/product"}],"replies":[{"embeddable":true,"href":"https:\/\/agroflex.cz\/sl\/wp-json\/wp\/v2\/comments?post=31472"}],"wp:featuredmedia":[{"embeddable":true,"href":"https:\/\/agroflex.cz\/sl\/wp-json\/wp\/v2\/media\/11661"}],"wp:attachment":[{"href":"https:\/\/agroflex.cz\/sl\/wp-json\/wp\/v2\/media?parent=31472"}],"wp:term":[{"taxonomy":"product_brand","embeddable":true,"href":"https:\/\/agroflex.cz\/sl\/wp-json\/wp\/v2\/product_brand?post=31472"},{"taxonomy":"product_cat","embeddable":true,"href":"https:\/\/agroflex.cz\/sl\/wp-json\/wp\/v2\/product_cat?post=31472"},{"taxonomy":"product_tag","embeddable":true,"href":"https:\/\/agroflex.cz\/sl\/wp-json\/wp\/v2\/product_tag?post=31472"}],"curies":[{"name":"wp","href":"https:\/\/api.w.org\/{rel}","templated":true}]}}